{"id":17326,"date":"2021-08-18T12:20:34","date_gmt":"2021-08-18T17:20:34","guid":{"rendered":"https:\/\/lopeza.net\/?page_id=17326"},"modified":"2024-06-26T11:19:53","modified_gmt":"2024-06-26T15:19:53","slug":"impuestos","status":"publish","type":"page","link":"https:\/\/lopeza.net\/en\/impuestos\/","title":{"rendered":"Taxes"},"content":{"rendered":"<div class=\"vc-custom-col-spacing clearfix vc-col-spacing-30\"><section class=\"wpb_row vc_row-fluid row-content-position-Default\"><div class=\"startflow-container\"><div class=\"row-inner clearfix\"><div class=\"wpb_column vc_column_container vc_col-sm-12\"><div class=\"vc_column-inner\"><div class=\"wpb_wrapper\"><div class=\"startflow-content-box clearfix\" data-padding=\"\" data-mobipadding=\"\" data-margin=\"-180px 0 0 0\" data-mobimargin=\"-150px 0 0 0\" >\r\n\t\t<div class=\"inner ctb-117520247\" style=\"\"  data-background=\"\">\r\n\t\t\t<div class=\"startflow-scroll-target\">\r\n\t\t\t<a href=\"#first-row\" style=\"color:#ffffff;\">\r\n\t\t\t<\/a>\r\n\t\t<\/div>\r\n\t\t<\/div>\r\n\t<\/div><\/div><\/div><\/div><\/div><\/div><\/section><\/div><div class=\"vc-custom-col-spacing clearfix vc-col-spacing-30\"><section id=\"first-row\" class=\"wpb_row vc_row-fluid row-content-position-Default\"><div class=\"startflow-container\"><div class=\"row-inner clearfix\"><div class=\"wpb_column vc_column_container vc_col-sm-12\"><div class=\"vc_column-inner\"><div class=\"wpb_wrapper\">\r\n\t<div class=\"startflow-spacer clearfix\" data-desktop=\"82\" data-mobi=\"60\" data-smobi=\"60\"><\/div><\/div><\/div><\/div><\/div><\/div><\/section><\/div><div class=\"vc-custom-col-spacing clearfix vc-col-spacing-0px\"><section class=\"wpb_row vc_row-fluid col-aside-img row-content-position-Default\"><div class=\"startflow-container\"><div class=\"row-inner clearfix\"><div class=\"wpb_column vc_column_container vc_col-sm-6\"><div class=\"vc_column-inner\"><div class=\"wpb_wrapper\">\r\n\t<div class=\"startflow-spacer clearfix\" data-desktop=\"82\" data-mobi=\"0\" data-smobi=\"0\"><\/div><div class=\"startflow-single-heading clearfix\" style=\"margin-bottom:20px;\"><span class=\"inner\"><span class=\"heading clearfix  accent\" style=\"font-size:20px;\">\r\n\t\tTax Preparation\r\n\t<\/span><\/span><\/div><div class=\"startflow-headings clearfix\"  style=\"\"><h2 class=\"heading clearfix\" style=\"margin-bottom:12px;\">\r\n\t\tTax Preparation Service\r\n\t<\/h2><p class=\"sub-heading clearfix\" style=\"font-style:normal;font-size:16px;line-height:29px;\">\r\n\t\tWe offer our clients professional tax preparation services, which also include tax returns. For over 30 years we have provided professional tax preparation and filing services, ensuring we comply with all Federal and state tax laws. Our staff has extensive experience, added to the excellent track record of our founder. Our tax staff will work hand in hand with you and will make sure to help you obtain the best income tax refund with our emphasis on attention and service.\r\n\t<\/p><\/div>\r\n\t<div class=\"startflow-spacer clearfix\" data-desktop=\"42\" data-mobi=\"30\" data-smobi=\"30\"><\/div><div class=\"button-wrap icon-right\" style=\"\" ><a href=\"https:\/\/lopeza.net\/en\/booking\/\" target=\"_blank\" class=\"startflow-button btn-170845676 medium no_icon accent custom\" style=\"border-radius:3px;\"  data-text=\"#ffffff\" data-text-hover=\"#ffffff\" data-background-hover=\"#071e57\">\r\n\t\t<span style=\"\">Make an appointment <\/span>\r\n\t<\/a><\/div>\r\n\t<div class=\"startflow-spacer clearfix\" data-desktop=\"220\" data-mobi=\"60\" data-smobi=\"60\"><\/div><\/div><\/div><\/div><div class=\"wpb_column vc_column_container vc_col-sm-6\"><div class=\"vc_column-inner\"><div class=\"wpb_wrapper\"><\/div><\/div><\/div><\/div><\/div><div class=\"image-container img-parallax vc_col-sm-6 aside-right\" style=\"top:50px\"><div class=\"inner  wow fadeInRight\" style=\"left:0px\"><img decoding=\"async\" src=\"https:\/\/lopeza.net\/wp-content\/uploads\/2021\/08\/contabilidd-01.jpg\" data-parallax='{\"x\" : 0, \"y\" : -50}' alt=\"Image\"><\/div><\/div><\/section><\/div><div class=\"vc-custom-col-spacing clearfix vc-col-spacing-30\"><section class=\"wpb_row vc_row-fluid vc_custom_1560649722211 vc_row-has-fill row-content-position-Default\"><div class=\"startflow-container\"><div class=\"row-inner clearfix\"><div class=\"wpb_column vc_column_container vc_col-sm-12\"><div class=\"vc_column-inner\"><div class=\"wpb_wrapper\">\r\n\t<div class=\"startflow-spacer clearfix\" data-desktop=\"40\" data-mobi=\"40\" data-smobi=\"40\"><\/div><\/div><\/div><\/div><\/div><\/div><\/section><\/div><div class=\"vc-custom-col-spacing clearfix vc-col-spacing-10\"><section class=\"wpb_row vc_row-fluid vc_custom_1629308915982 vc_row-has-fill col-aside-img row-content-position-Default\"><div class=\"startflow-container\"><div class=\"row-inner clearfix\"><div class=\"wpb_column vc_column_container vc_col-sm-6\"><div class=\"vc_column-inner\"><div class=\"wpb_wrapper\"><\/div><\/div><\/div><div class=\"wpb_column vc_column_container vc_col-sm-6\"><div class=\"vc_column-inner\"><div class=\"wpb_wrapper\">\r\n\t<div class=\"startflow-spacer clearfix\" data-desktop=\"140\" data-mobi=\"0\" data-smobi=\"0\"><\/div><div class=\"startflow-single-heading clearfix\" style=\"margin-bottom:20px;\"><span class=\"inner\"><span class=\"heading clearfix  accent\" style=\"font-size:20px;\">\r\n\t\tCorporate Taxes\r\n\t<\/span><\/span><\/div><div class=\"startflow-headings clearfix\"  style=\"\"><h2 class=\"heading clearfix\" style=\"margin-bottom:12px;\">\r\n\t\tWhy work with us?\r\n\t<\/h2><p class=\"sub-heading clearfix\" style=\"font-style:normal;font-size:16px;line-height:29px;\">\r\n\t\tOne of the most important decisions for a business or corporation is selecting the right accounting firm for business tax preparation. At Lopeza Services we have more than 30 years of experience in the preparation and filing of taxes and corporate accounting, so we can provide you with the services your organization needs. We are more than a company, we are your business partner and, therefore, we always seek to ensure that your business is successful. Our founder and professional staff have extensive business and commercial tax preparation experience, as well as our accountants who will provide you with the tax advice your organization requires.\r\n\t<\/p><\/div>\r\n\t<div class=\"startflow-spacer clearfix\" data-desktop=\"42\" data-mobi=\"30\" data-smobi=\"30\"><\/div><div class=\"button-wrap icon-right\" style=\"\" ><a href=\"https:\/\/lopeza.net\/en\/booking\/\" target=\"_self\" class=\"startflow-button btn-735440918 medium no_icon accent custom\" style=\"border-radius:3px;\"  data-text=\"#ffffff\" data-text-hover=\"#ffffff\" data-background-hover=\"#071e57\">\r\n\t\t<span style=\"\">Make an appointment <\/span>\r\n\t<\/a><\/div>\r\n\t<div class=\"startflow-spacer clearfix\" data-desktop=\"210\" data-mobi=\"60\" data-smobi=\"60\"><\/div><\/div><\/div><\/div><\/div><\/div><div class=\"image-container img-parallax vc_col-sm-6 aside-left\" style=\"top:0px\"><div class=\"inner  wow fadeInLeft\" style=\"right:0px\"><img decoding=\"async\" src=\"https:\/\/lopeza.net\/wp-content\/uploads\/2021\/08\/contabilidad-05.jpg\" data-parallax='{\"x\" : 0, \"y\" : 0}' alt=\"Image\"><div class=\"startflow-video-icon clearfix accent\"><a class=\"icon-wrap popup-video\" href=\"#\">play<span class=\"circle\"><\/span><span class=\"circle-2\"><\/span><\/a><\/div><\/div><\/div><\/section><\/div><div class=\"vc-custom-col-spacing clearfix vc-col-spacing-30\"><section class=\"wpb_row vc_row-fluid vc_custom_1561434363866 vc_row-has-fill row-content-position-Default\"><div class=\"startflow-container\"><div class=\"row-inner clearfix\"><div class=\"wpb_column vc_column_container vc_col-sm-12\"><div class=\"vc_column-inner\"><div class=\"wpb_wrapper\">\r\n\t<div class=\"startflow-spacer clearfix\" data-desktop=\"90\" data-mobi=\"60\" data-smobi=\"60\"><\/div><div class=\"startflow-single-heading clearfix text-center\" style=\"margin-bottom:20px;\"><span class=\"inner\"><span class=\"heading clearfix  accent\" style=\"font-size:20px;\">\r\n\t\tLopeza Services\r\n\t<\/span><\/span><\/div><div class=\"startflow-headings clearfix text-center\"  style=\"\"><h2 class=\"heading clearfix\" style=\"margin-bottom:12px;\">\r\n\t\tThe Tax Solution for You and Your Organization.\r\n\t<\/h2><p class=\"sub-heading clearfix\" style=\"font-style:normal;font-size:18px;line-height:29px;max-width:760px;margin-left: auto; margin-right: auto;\">\r\n\t\tIncome tax preparation for corporate, personal and organizations.\r\n\t<\/p><\/div>\r\n\t<div class=\"startflow-spacer clearfix\" data-desktop=\"90\" data-mobi=\"50\" data-smobi=\"50\"><\/div><div class=\"startflow-content-box clearfix\" ><div class=\"vc-custom-col-inner-spacing clearfix vc-col-inner-spacing-30\"><div class=\"wpb_row vc_inner vc_row-fluid\"><div class=\"wpb_column vc_column_container vc_col-sm-4\"><div class=\"vc_column-inner\"><div class=\"wpb_wrapper\"><div class=\"startflow-content-box clearfix  wow fadeInUp\" data-padding=\"42px 50px 43px\" data-mobipadding=\"42px 50px 43px\" data-margin=\"\" data-mobimargin=\"\"  data-wow-duration=\"0.75s\" data-wow-delay=\"0.3s\">\r\n\t\t<div class=\"inner ctb-1562929545\" style=\"background:url(https:\/\/lopeza.net\/wp-content\/uploads\/2019\/06\/icon-box-bg.png) left top no-repeat;background-size:cover;\"  data-background=\"#ffffff\" data-rounded=\"5px\" data-shadow=\" 0px 20px 70px 0px rgba(0,0,0,0.05)\">\r\n\t\t\t<div class=\"startflow-icon-box clearfix icon-top align-left  simple\" style=\"\" ><div class=\"wrap-inner\" style=\"position: relative;\"><div class=\"startflow-icon icon-1451490144 custom custom\"  data-icon=\"#ffffff\" data-background=\"\">\r\n\t\t\t\t<span class=\"icon\" style=\"font-size:70px;width:70px;height:70px;border-style:solid;line-height:70px;\"><i class=\"pe-7s-add-user\"><\/i><\/span>\r\n\t\t\t<\/div> <h3 class=\"heading  white\" style=\"color:#ffffff;font-size:18px;margin-top:15px;margin-bottom:25px;\">\r\n\t\t\t<span>Personal Taxes<\/span>\r\n\t\t<\/h3><div class=\"desc\" style=\"color:#ffffff;font-size:16px;line-height:29px;margin-bottom:34px;\"><p><span>File your taxes with the security that only experts can offer you. We have over 30 years of individual and business tax preparation experience to assist you.<\/span><\/p>\n<\/div><div class=\"url-wrap\" style=\"\">\r\n\t\t\t<a target=\"_self\" class=\"startflow-links link-style-2\" href=\"https:\/\/lopeza.net\/en\/booking\/\" style=\"color:#ffffff;\">\r\n\t\t\t\t<span class=\"text\">Request an Appointment<\/span>\r\n\t\t\t<\/a>\r\n\t\t<\/div> <\/div><\/div>\r\n\t\t<\/div>\r\n\t<\/div>\r\n\t<div class=\"startflow-spacer clearfix\" data-desktop=\"0\" data-mobi=\"30\" data-smobi=\"30\"><\/div><\/div><\/div><\/div><div class=\"wpb_column vc_column_container vc_col-sm-4\"><div class=\"vc_column-inner\"><div class=\"wpb_wrapper\"><div class=\"startflow-content-box clearfix  wow fadeInUp\" data-padding=\"42px 50px 43px\" data-mobipadding=\"42px 50px 43px\" data-margin=\"\" data-mobimargin=\"\"  data-wow-duration=\"0.75s\" data-wow-delay=\"0.6s\">\r\n\t\t<div class=\"inner ctb-1548665925\" style=\"\"  data-background=\"#ffffff\" data-rounded=\"5px\" data-shadow=\" 0px 20px 70px 0px rgba(0,0,0,0.05)\">\r\n\t\t\t<div class=\"startflow-icon-box clearfix icon-top align-left  simple\" style=\"\" ><div class=\"wrap-inner\" style=\"position: relative;\"><div class=\"startflow-icon icon-165240235 accent custom\"  data-background=\"\">\r\n\t\t\t\t<span class=\"icon\" style=\"font-size:70px;width:70px;height:70px;border-style:solid;line-height:70px;\"><i class=\"pe-7s-graph2\"><\/i><\/span>\r\n\t\t\t<\/div> <h3 class=\"heading\" style=\"font-size:18px;margin-top:15px;margin-bottom:25px;\">\r\n\t\t\t<span>Contractor<\/span>\r\n\t\t<\/h3><div class=\"desc\" style=\"font-size:16px;line-height:29px;margin-bottom:34px;\"><p><span>If you are self-employed, contractor or own a business, at Lopeza Services we will assist you in preparing your returns and the necessary tax reports.<\/span><\/p>\n<\/div><div class=\"url-wrap\" style=\"\">\r\n\t\t\t<a target=\"_self\" class=\"startflow-links link-style-2 accent\" href=\"https:\/\/lopeza.net\/en\/booking\/\" style=\"\">\r\n\t\t\t\t<span class=\"text\">Request an Appointment<\/span>\r\n\t\t\t<\/a>\r\n\t\t<\/div> <\/div><\/div>\r\n\t\t<\/div>\r\n\t<\/div>\r\n\t<div class=\"startflow-spacer clearfix\" data-desktop=\"0\" data-mobi=\"30\" data-smobi=\"30\"><\/div><\/div><\/div><\/div><div class=\"wpb_column vc_column_container vc_col-sm-4\"><div class=\"vc_column-inner\"><div class=\"wpb_wrapper\"><div class=\"startflow-content-box clearfix  wow fadeInUp\" data-padding=\"42px 50px 43px\" data-mobipadding=\"42px 50px 43px\" data-margin=\"\" data-mobimargin=\"\"  data-wow-duration=\"0.75s\" data-wow-delay=\"0.9s\">\r\n\t\t<div class=\"inner ctb-1106345699\" style=\"\"  data-background=\"#ffffff\" data-rounded=\"5px\" data-shadow=\" 0px 20px 70px 0px rgba(0,0,0,0.05)\">\r\n\t\t\t<div class=\"startflow-icon-box clearfix icon-top align-left  simple\" style=\"\" ><div class=\"wrap-inner\" style=\"position: relative;\"><div class=\"startflow-icon icon-366814030 accent custom\"  data-background=\"\">\r\n\t\t\t\t<span class=\"icon\" style=\"font-size:70px;width:70px;height:70px;border-style:solid;line-height:70px;\"><i class=\"pe-7s-culture\"><\/i><\/span>\r\n\t\t\t<\/div> <h3 class=\"heading\" style=\"font-size:18px;margin-top:15px;margin-bottom:25px;\">\r\n\t\t\t<span>Business Owner.<\/span>\r\n\t\t<\/h3><div class=\"desc\" style=\"font-size:16px;line-height:29px;margin-bottom:34px;\"><p>We specialize in declarations of contractors and businesses with more than 30 years of experience.<\/p>\n<p>We prepare taxes for all types of businesses: Sole Proprietor (<i>Sole-Propietorships<\/i>), Corporations, Partnerships, LLCs, and LLPs.<\/p>\n<\/div><div class=\"url-wrap\" style=\"\">\r\n\t\t\t<a target=\"_self\" class=\"startflow-links link-style-2 accent\" href=\"https:\/\/lopeza.net\/en\/booking\/\" style=\"\">\r\n\t\t\t\t<span class=\"text\">Schedule an Appointment<\/span>\r\n\t\t\t<\/a>\r\n\t\t<\/div> <\/div><\/div>\r\n\t\t<\/div>\r\n\t<\/div><\/div><\/div><\/div><\/div><\/div><\/div>\r\n\t<div class=\"startflow-spacer clearfix\" data-desktop=\"70\" data-mobi=\"40\" data-smobi=\"40\"><\/div><div class=\"startflow-align-box text-center\"><div class=\"button-wrap icon-right\" style=\"\" ><a href=\"https:\/\/lopeza.net\/en\/quote\/\" target=\"_self\" class=\"startflow-button btn-1118085133 medium no_icon accent custom\" style=\"border-radius:3px;\"  data-text=\"#ffffff\" data-text-hover=\"#ffffff\" data-background-hover=\"#1d2b37\">\r\n\t\t<span style=\"\">Contact an Agent <\/span>\r\n\t<\/a><\/div><\/div>\r\n\t<div class=\"startflow-spacer clearfix\" data-desktop=\"100\" data-mobi=\"40\" data-smobi=\"40\"><\/div><\/div><\/div><\/div><\/div><\/div><\/section><\/div><div class=\"vc-custom-col-spacing clearfix vc-col-spacing-30\"><section class=\"wpb_row vc_row-fluid vc_custom_1629910131322 vc_row-has-fill row-content-position-Default\"><div class=\"startflow-container\"><div class=\"row-inner clearfix\"><div class=\"wpb_column vc_column_container vc_col-sm-12\"><div class=\"vc_column-inner\"><div class=\"wpb_wrapper\">\r\n\t<div class=\"startflow-spacer clearfix\" data-desktop=\"80\" data-mobi=\"60\" data-smobi=\"60\"><\/div><div class=\"startflow-action-box\" style=\"\">\r\n\t\t<div class=\"inner\">\r\n\t<div class=\"heading-wrap\" style=\"width:60%;\">\r\n\t\t<h2 class=\"heading\" style=\"color:#ffffff;margin:0px 0px 12px 0px;max-width:800px;\">\r\n\t\t\tView all our services\r\n\t\t<\/h2>\r\n\t\t\r\n\t<div class=\"subheading-wrap\">\r\n\t\t<div style=\"font-weight:400;color:#ffffff;font-size:18px;line-height:29px;max-width:550px;\">\r\n\t\t\tOur mission is to serve the community by offering solutions in their own language, which is why all our offices have bilingual and native English staff. Our services are designed to provide the service that our community deserves.\r\n\t\t<\/div>\r\n\t<\/div>\r\n\t<\/div><div class=\"url-wrap\" style=\"width:40%;\">\r\n\t\t\t<a target=\"no\" class=\"startflow-button medium btn-732135840 accent\" href=\"https:\/\/lopeza.net\/en\/quote\/\" style=\"border-radius:3px;\"  data-text=\"#ffffff\"><span>Request a Service<\/span><\/a>\r\n\t\t<\/div><\/div>\r\n\t<\/div>\r\n\t<div class=\"startflow-spacer clearfix\" data-desktop=\"80\" data-mobi=\"60\" data-smobi=\"60\"><\/div><\/div><\/div><\/div><\/div><\/div><\/section><\/div><div class=\"vc-custom-col-spacing clearfix vc-col-spacing-30\"><section id=\"first-row\" class=\"wpb_row vc_row-fluid vc_custom_1561365736755 vc_row-has-fill row-content-position-Default\"><div class=\"startflow-container\"><div class=\"row-inner clearfix\"><div class=\"wpb_column vc_column_container vc_col-sm-12\"><div class=\"vc_column-inner\"><div class=\"wpb_wrapper\">\r\n\t<div class=\"startflow-spacer clearfix\" data-desktop=\"65\" data-mobi=\"60\" data-smobi=\"60\"><\/div><\/div><\/div><\/div><\/div><\/div><\/section><\/div>","protected":false},"excerpt":{"rendered":"Preparaci\u00f3n de Taxes Preparaci\u00f3n de impuestos Ofrecemos a nuestros clientes servicios profesionales de preparaci\u00f3n de impuestos, que tambi\u00e9n incluyen declaraciones de impuestos. Por m\u00e1s de 30 a\u00f1os hemos brindado servicios de preparaci\u00f3n y presentaci\u00f3n de impuestos de manera profesional, asegur\u00e1ndonos de cumplir con todas las leyes impositivas Federales y estatales.","protected":false},"author":1,"featured_media":0,"parent":0,"menu_order":0,"comment_status":"closed","ping_status":"closed","template":"","meta":{"footnotes":""},"class_list":["post-17326","page","type-page","status-publish","hentry"],"aioseo_notices":[],"_links":{"self":[{"href":"https:\/\/lopeza.net\/en\/wp-json\/wp\/v2\/pages\/17326","targetHints":{"allow":["GET"]}}],"collection":[{"href":"https:\/\/lopeza.net\/en\/wp-json\/wp\/v2\/pages"}],"about":[{"href":"https:\/\/lopeza.net\/en\/wp-json\/wp\/v2\/types\/page"}],"author":[{"embeddable":true,"href":"https:\/\/lopeza.net\/en\/wp-json\/wp\/v2\/users\/1"}],"replies":[{"embeddable":true,"href":"https:\/\/lopeza.net\/en\/wp-json\/wp\/v2\/comments?post=17326"}],"version-history":[{"count":13,"href":"https:\/\/lopeza.net\/en\/wp-json\/wp\/v2\/pages\/17326\/revisions"}],"predecessor-version":[{"id":18104,"href":"https:\/\/lopeza.net\/en\/wp-json\/wp\/v2\/pages\/17326\/revisions\/18104"}],"wp:attachment":[{"href":"https:\/\/lopeza.net\/en\/wp-json\/wp\/v2\/media?parent=17326"}],"curies":[{"name":"wp","href":"https:\/\/api.w.org\/{rel}","templated":true}]}}