{"id":17365,"date":"2021-09-01T10:42:10","date_gmt":"2021-09-01T15:42:10","guid":{"rendered":"https:\/\/lopeza.net\/?page_id=17365"},"modified":"2024-06-26T11:19:51","modified_gmt":"2024-06-26T15:19:51","slug":"contacto","status":"publish","type":"page","link":"https:\/\/lopeza.net\/en\/contacto\/","title":{"rendered":"Contact Us"},"content":{"rendered":"<div class=\"vc-custom-col-spacing clearfix vc-col-spacing-30\"><section class=\"wpb_row vc_row-fluid vc_custom_1630511074550 vc_row-has-fill row-content-position-Default\"><div class=\"startflow-container\"><div class=\"row-inner clearfix\"><div class=\"wpb_column vc_column_container vc_col-sm-12\"><div class=\"vc_column-inner\"><div class=\"wpb_wrapper\">\r\n\t<div class=\"startflow-spacer clearfix\" data-desktop=\"100\" data-mobi=\"60\" data-smobi=\"60\"><\/div><div class=\"startflow-content-box clearfix\" ><div class=\"vc-custom-col-inner-spacing clearfix vc-col-inner-spacing-30\"><div class=\"wpb_row vc_inner vc_row-fluid\"><div class=\"wpb_column vc_column_container vc_col-sm-6\"><div class=\"vc_column-inner\"><div class=\"wpb_wrapper\">\r\n\t<div class=\"startflow-spacer clearfix\" data-desktop=\"40\" data-mobi=\"0\" data-smobi=\"0\"><\/div><div class=\"startflow-single-heading clearfix\" style=\"margin-bottom:20px;\"><span class=\"inner\"><span class=\"heading clearfix\" style=\"color:#ffffff;font-size:20px;\">\r\n\t\t\u00bfNecesita nuestra ayuda?\r\n\t<\/span><\/span><\/div><div class=\"startflow-headings clearfix\"  style=\"\"><h2 class=\"heading clearfix\" style=\"color:#ffffff;max-width:500px;margin-bottom:12px;\">\r\n\t\t\u00bfLe gustar\u00eda hablar con uno de nuestros asesores por tel\u00e9fono?\r\n\t<\/h2><p class=\"sub-heading clearfix\" style=\"font-style:normal;color:#cacaca;font-size:16px;line-height:29px;max-width:480px;\">\r\n\t\tSimplemente env\u00ede sus datos y nos pondremos en contacto en breve. Tambi\u00e9n puede enviarnos un correo electr\u00f3nico si lo prefiere.\r\n\t<\/p><\/div>\r\n\t<div class=\"startflow-spacer clearfix\" data-desktop=\"50\" data-mobi=\"30\" data-smobi=\"30\"><\/div><div class=\"startflow-content-box clearfix\" data-padding=\"0px 0px 20px 0px\" data-mobipadding=\"0px 0px 20px 0px\" data-margin=\"0px 30px 0px 0px\" data-mobimargin=\"0px 0px 0px 0px\" >\r\n\t\t<div class=\"inner ctb-2033864815\" style=\"\"  data-background=\"\" data-border-color=\"rgba(231,231,231,0.2)\" data-border-width=\"0px 0px 1px 0px\" data-shadow-hover=\" 0px 20px 70px 0px rgba(0,0,0,0.05)\">\r\n\t\t\t<div class=\"startflow-icon-box clearfix icon-left align-left  simple\" style=\"\" ><div class=\"wrap-inner\" style=\"position: relative;\"><div class=\"startflow-icon icon-1808436317 custom custom\"  data-icon=\"#ffffff\" data-background=\"\">\r\n\t\t\t\t<span class=\"icon\" style=\"font-size:65px;width:58px;height:65px;border-style:solid;line-height:65px;\"><i class=\"pe-7s-map-2\"><\/i><\/span>\r\n\t\t\t<\/div> <h3 class=\"heading  white\" style=\"padding-left:90px;color:#ffffff;font-size:18px;padding-top:10px;\">\r\n\t\t\t<span>Address<\/span>\r\n\t\t<\/h3><div class=\"desc\" style=\"padding-left:90px;color:#cacaca;\"><div style=\"font-size: 16px;\">94 Broadway, Somerville, MA 02145<\/div>\n<\/div> <\/div><\/div>\r\n\t\t<\/div>\r\n\t<\/div><div class=\"startflow-content-box clearfix\" data-padding=\"20px 0px 20px 0px\" data-mobipadding=\"20px 0px 20px 0px\" data-margin=\"0px 30px 0px 0px\" data-mobimargin=\"0px 0px 0px 0px\" >\r\n\t\t<div class=\"inner ctb-1137070091\" style=\"\"  data-background=\"\" data-border-color=\"rgba(231,231,231,0.2)\" data-border-width=\"0px 0px 1px 0px\" data-shadow-hover=\" 0px 20px 70px 0px rgba(0,0,0,0.05)\">\r\n\t\t\t<div class=\"startflow-icon-box clearfix icon-left align-left  simple\" style=\"\" ><div class=\"wrap-inner\" style=\"position: relative;\"><div class=\"startflow-icon icon-1008078103 custom custom\"  data-icon=\"#ffffff\" data-background=\"\">\r\n\t\t\t\t<span class=\"icon\" style=\"font-size:65px;width:58px;height:65px;border-style:solid;line-height:65px;\"><i class=\"pe-7s-comment\"><\/i><\/span>\r\n\t\t\t<\/div> <h3 class=\"heading  white\" style=\"padding-left:90px;color:#ffffff;font-size:18px;padding-top:10px;\">\r\n\t\t\t<span>Tel\u00e9fono Oficina<\/span>\r\n\t\t<\/h3><div class=\"desc\" style=\"padding-left:90px;color:#cacaca;\"><div style=\"font-size: 16px;\">+(1) 617 6237368<\/div>\n<\/div> <\/div><\/div>\r\n\t\t<\/div>\r\n\t<\/div><div class=\"startflow-content-box clearfix\" data-padding=\"20px 0px 0px 0px\" data-mobipadding=\"20px 0px 0px 0px\" data-margin=\"0px 30px 0px 0px\" data-mobimargin=\"0px 0px 0px 0px\" >\r\n\t\t<div class=\"inner ctb-2006180778\" style=\"\"  data-background=\"\" data-shadow-hover=\" 0px 20px 70px 0px rgba(0,0,0,0.05)\">\r\n\t\t\t<div class=\"startflow-icon-box clearfix icon-left align-left  simple\" style=\"\" ><div class=\"wrap-inner\" style=\"position: relative;\"><div class=\"startflow-icon icon-1827810572 custom custom\"  data-icon=\"#ffffff\" data-background=\"\">\r\n\t\t\t\t<span class=\"icon\" style=\"font-size:65px;width:58px;height:65px;border-style:solid;line-height:65px;\"><i class=\"pe-7s-mail-open-file\"><\/i><\/span>\r\n\t\t\t<\/div> <h3 class=\"heading  white\" style=\"padding-left:90px;color:#ffffff;font-size:18px;padding-top:10px;\">\r\n\t\t\t<span>Our Emails<\/span>\r\n\t\t<\/h3><div class=\"desc\" style=\"padding-left:90px;color:#cacaca;\"><div style=\"font-size: 16px;\">\n<div class=\"j83agx80\">\n<div>\n<div class=\"dwo3fsh8 g5ia77u1 rt8b4zig n8ej3o3l agehan2d sk4xxmp2 rq0escxv q9uorilb kvgmc6g5 cxmmr5t8 oygrvhab hcukyx3x jb3vyjys rz4wbd8a qt6c0cv9 a8nywdso l9j0dhe7 i1ao9s8h k4urcfbm\">\n<div class=\"j83agx80 cbu4d94t sj5x9vvc cxgpxx05\">\n<div class=\"rq0escxv l9j0dhe7 du4w35lb j83agx80 pfnyh3mw jifvfom9 ll8tlv6m owycx6da btwxx1t3 hv4rvrfc dati1w0a jb3vyjys b5q2rw42 lq239pai mysgfdmx hddg9phg\">\n<div class=\"rq0escxv l9j0dhe7 du4w35lb j83agx80 cbu4d94t g5gj957u d2edcug0 hpfvmrgz rj1gh0hx buofh1pr o8rfisnq p8fzw8mz pcp91wgn iuny7tx3 ipjc6fyt\">\n<div class=\"j83agx80 cbu4d94t ew0dbk1b irj2b8pg\">\n<div class=\"qzhwtbm6 knvmm38d\"><span class=\"d2edcug0 hpfvmrgz qv66sw1b c1et5uql oi732d6d ik7dh3pa ht8s03o8 a8c37x1j keod5gw0 nxhoafnm aigsh9s9 d9wwppkn fe6kdd0r mau55g9w c8b282yb iv3no6db jq4qci2q a3bd9o3v b1v8xokw oo9gr5id hzawbc8m\" dir=\"auto\"><span class=\"d2edcug0 hpfvmrgz qv66sw1b c1et5uql oi732d6d ik7dh3pa ht8s03o8 jq4qci2q a3bd9o3v b1v8xokw py34i1dx\"><a class=\"oajrlxb2 g5ia77u1 qu0x051f esr5mh6w e9989ue4 r7d6kgcz rq0escxv nhd2j8a9 nc684nl6 p7hjln8o kvgmc6g5 cxmmr5t8 oygrvhab hcukyx3x jb3vyjys rz4wbd8a qt6c0cv9 a8nywdso i1ao9s8h esuyzwwr f1sip0of lzcic4wl py34i1dx gpro0wi8\" href=\"mailto:lopesasvs@aol.com\" role=\"link\" target=\"_blank\" rel=\"noopener\" tabindex=\"0\">lopesasvs@aol.com<\/a><\/span><\/span><\/div>\n<\/div>\n<\/div>\n<\/div>\n<\/div>\n<\/div>\n<\/div>\n<div class=\"pybr56ya hv4rvrfc f9o22wc5 j83agx80\">\n<div aria-label=\"Editar\" class=\"oajrlxb2 gs1a9yip g5ia77u1 mtkw9kbi tlpljxtp qensuy8j ppp5ayq2 goun2846 ccm00jje s44p3ltw mk2mc5f4 rt8b4zig n8ej3o3l agehan2d sk4xxmp2 rq0escxv nhd2j8a9 pq6dq46d mg4g778l btwxx1t3 pfnyh3mw p7hjln8o kvgmc6g5 cxmmr5t8 oygrvhab hcukyx3x tgvbjcpo hpfvmrgz jb3vyjys rz4wbd8a qt6c0cv9 a8nywdso l9j0dhe7 i1ao9s8h esuyzwwr f1sip0of du4w35lb lzcic4wl abiwlrkh p8dawk7l\" role=\"button\" tabindex=\"-1\"><i class=\"hu5pjgll op6gxeva\" data-visualcompletion=\"css-img\"><\/i><\/div>\n<\/div>\n<\/div>\n<\/div>\n<\/div> <\/div><\/div>\r\n\t\t<\/div>\r\n\t<\/div>\r\n\t<div class=\"startflow-spacer clearfix\" data-desktop=\"0\" data-mobi=\"45\" data-smobi=\"45\"><\/div><\/div><\/div><\/div><div class=\"wpb_column vc_column_container vc_col-sm-6\"><div class=\"vc_column-inner\"><div class=\"wpb_wrapper\"><div class=\"startflow-content-box clearfix  wow fadeInRight\" data-padding=\"60px 80px 70px\" data-mobipadding=\"50px 80px 70px\" data-margin=\"\" data-mobimargin=\"\"  data-wow-duration=\"0.75s\" data-wow-delay=\"0.3s\">\r\n\t\t<div class=\"inner ctb-1461439974\" style=\"\"  data-background=\"#ffffff\" data-rounded=\"8px\">\r\n\t\t\t<div class=\"startflow-headings clearfix text-center\" data-font=\"28\" style=\"\"><h2 class=\"heading clearfix\" style=\"margin-bottom:25px;font-size:28px;\">\r\n\t\tContactenos\r\n\t<\/h2><p class=\"sub-heading clearfix\" style=\"font-style:normal;font-size:14px;line-height:22px;max-width:410px;margin-left: auto; margin-right: auto;\">\r\n\t\tNuestra misi\u00f3n es servir a la comunidad Hispana ofreciendo soluciones en su propio idioma.\r\n\t<\/p><\/div>\r\n\t<div class=\"startflow-spacer clearfix\" data-desktop=\"43\" data-mobi=\"30\" data-smobi=\"30\"><\/div>[contact-form-7 id=\u00bb4437&#8243;]\r\n\t\t<\/div>\r\n\t<\/div><\/div><\/div><\/div><\/div><\/div><\/div>\r\n\t<div class=\"startflow-spacer clearfix\" data-desktop=\"100\" data-mobi=\"60\" data-smobi=\"60\"><\/div><\/div><\/div><\/div><\/div><\/div><\/section><\/div>","protected":false},"excerpt":{"rendered":"\u00bfNecesita nuestra ayuda? \u00bfLe gustar\u00eda hablar con uno de nuestros asesores por tel\u00e9fono? Simplemente env\u00ede sus datos y nos pondremos en contacto en breve. Tambi\u00e9n puede enviarnos un correo electr\u00f3nico si lo prefiere. Direcci\u00f3n 94 Broadway, Somerville, MA 02145 Tel\u00e9fono Oficina +(1) 617 6237368 Our Emails lopesasvs@aol.com Contactenos Nuestra misi\u00f3n","protected":false},"author":1,"featured_media":0,"parent":0,"menu_order":0,"comment_status":"closed","ping_status":"closed","template":"","meta":{"footnotes":""},"class_list":["post-17365","page","type-page","status-publish","hentry"],"aioseo_notices":[],"_links":{"self":[{"href":"https:\/\/lopeza.net\/en\/wp-json\/wp\/v2\/pages\/17365","targetHints":{"allow":["GET"]}}],"collection":[{"href":"https:\/\/lopeza.net\/en\/wp-json\/wp\/v2\/pages"}],"about":[{"href":"https:\/\/lopeza.net\/en\/wp-json\/wp\/v2\/types\/page"}],"author":[{"embeddable":true,"href":"https:\/\/lopeza.net\/en\/wp-json\/wp\/v2\/users\/1"}],"replies":[{"embeddable":true,"href":"https:\/\/lopeza.net\/en\/wp-json\/wp\/v2\/comments?post=17365"}],"version-history":[{"count":5,"href":"https:\/\/lopeza.net\/en\/wp-json\/wp\/v2\/pages\/17365\/revisions"}],"predecessor-version":[{"id":17894,"href":"https:\/\/lopeza.net\/en\/wp-json\/wp\/v2\/pages\/17365\/revisions\/17894"}],"wp:attachment":[{"href":"https:\/\/lopeza.net\/en\/wp-json\/wp\/v2\/media?parent=17365"}],"curies":[{"name":"wp","href":"https:\/\/api.w.org\/{rel}","templated":true}]}}