{"id":17380,"date":"2021-09-08T09:33:39","date_gmt":"2021-09-08T14:33:39","guid":{"rendered":"https:\/\/lopeza.net\/?page_id=17380"},"modified":"2024-06-26T11:19:56","modified_gmt":"2024-06-26T15:19:56","slug":"notary","status":"publish","type":"page","link":"https:\/\/lopeza.net\/en\/notary\/","title":{"rendered":"Notary"},"content":{"rendered":"<div class=\"vc-custom-col-spacing clearfix vc-col-spacing-30\"><section class=\"wpb_row vc_row-fluid row-content-position-Default\"><div class=\"startflow-container\"><div class=\"row-inner clearfix\"><div class=\"wpb_column vc_column_container vc_col-sm-12\"><div class=\"vc_column-inner\"><div class=\"wpb_wrapper\"><div class=\"startflow-content-box clearfix\" data-padding=\"\" data-mobipadding=\"\" data-margin=\"-180px 0 0 0\" data-mobimargin=\"-150px 0 0 0\" >\r\n\t\t<div class=\"inner ctb-1312695861\" style=\"\"  data-background=\"\">\r\n\t\t\t<div class=\"startflow-scroll-target\">\r\n\t\t\t<a href=\"#first-row\" style=\"color:#ffffff;\">\r\n\t\t\t<\/a>\r\n\t\t<\/div>\r\n\t\t<\/div>\r\n\t<\/div><\/div><\/div><\/div><\/div><\/div><\/section><\/div><div class=\"vc-custom-col-spacing clearfix vc-col-spacing-30\"><section id=\"first-row\" class=\"wpb_row vc_row-fluid row-content-position-Default\"><div class=\"startflow-container\"><div class=\"row-inner clearfix\"><div class=\"wpb_column vc_column_container vc_col-sm-12\"><div class=\"vc_column-inner\"><div class=\"wpb_wrapper\">\r\n\t<div class=\"startflow-spacer clearfix\" data-desktop=\"82\" data-mobi=\"60\" data-smobi=\"60\"><\/div><\/div><\/div><\/div><\/div><\/div><\/section><\/div><div class=\"vc-custom-col-spacing clearfix vc-col-spacing-0px\"><section class=\"wpb_row vc_row-fluid col-aside-img row-content-position-Default\"><div class=\"startflow-container\"><div class=\"row-inner clearfix\"><div class=\"wpb_column vc_column_container vc_col-sm-6\"><div class=\"vc_column-inner\"><div class=\"wpb_wrapper\">\r\n\t<div class=\"startflow-spacer clearfix\" data-desktop=\"82\" data-mobi=\"0\" data-smobi=\"0\"><\/div><div class=\"startflow-single-heading clearfix\" style=\"margin-bottom:20px;\"><span class=\"inner\"><span class=\"heading clearfix  accent\" style=\"font-size:20px;\">\r\n\t\tPublic notary\r\n\t<\/span><\/span><\/div><div class=\"startflow-headings clearfix\"  style=\"\"><h2 class=\"heading clearfix\" style=\"margin-bottom:12px;\">\r\n\t\tPublic Notary\r\n\t<\/h2><p class=\"sub-heading clearfix\" style=\"font-style:normal;font-size:16px;line-height:29px;\">\r\n\t\tAn authenticated document may be needed at any time, at Lopeza Services we have more than 30 years of experience in notary public. What you may need is a power of attorney, a medical document, a business agreement, real estate documents, a bill of sale, or a will. For these documents to have legal validity, they must be made before a notary public.\r\n\t<\/p><\/div>\r\n\t<div class=\"startflow-spacer clearfix\" data-desktop=\"42\" data-mobi=\"30\" data-smobi=\"30\"><\/div><div class=\"button-wrap icon-right\" style=\"\" ><a href=\"https:\/\/lopeza.net\/en\/booking\/\" target=\"_blank\" class=\"startflow-button btn-467579790 medium no_icon accent custom\" style=\"border-radius:3px;\"  data-text=\"#ffffff\" data-text-hover=\"#ffffff\" data-background-hover=\"#071e57\">\r\n\t\t<span style=\"\">Make an appointment <\/span>\r\n\t<\/a><\/div>\r\n\t<div class=\"startflow-spacer clearfix\" data-desktop=\"220\" data-mobi=\"60\" data-smobi=\"60\"><\/div><\/div><\/div><\/div><div class=\"wpb_column vc_column_container vc_col-sm-6\"><div class=\"vc_column-inner\"><div class=\"wpb_wrapper\"><\/div><\/div><\/div><\/div><\/div><div class=\"image-container img-parallax vc_col-sm-6 aside-right\" style=\"top:50px\"><div class=\"inner  wow fadeInRight\" style=\"left:0px\"><img decoding=\"async\" src=\"https:\/\/lopeza.net\/wp-content\/uploads\/2021\/08\/contabilidd-01.jpg\" data-parallax='{\"x\" : 0, \"y\" : -50}' alt=\"Image\"><\/div><\/div><\/section><\/div><div class=\"vc-custom-col-spacing clearfix vc-col-spacing-30\"><section class=\"wpb_row vc_row-fluid vc_custom_1560649722211 vc_row-has-fill row-content-position-Default\"><div class=\"startflow-container\"><div class=\"row-inner clearfix\"><div class=\"wpb_column vc_column_container vc_col-sm-12\"><div class=\"vc_column-inner\"><div class=\"wpb_wrapper\">\r\n\t<div class=\"startflow-spacer clearfix\" data-desktop=\"40\" data-mobi=\"40\" data-smobi=\"40\"><\/div><\/div><\/div><\/div><\/div><\/div><\/section><\/div><div class=\"vc-custom-col-spacing clearfix vc-col-spacing-10\"><section class=\"wpb_row vc_row-fluid vc_custom_1629308915982 vc_row-has-fill col-aside-img row-content-position-Default\"><div class=\"startflow-container\"><div class=\"row-inner clearfix\"><div class=\"wpb_column vc_column_container vc_col-sm-6\"><div class=\"vc_column-inner\"><div class=\"wpb_wrapper\"><\/div><\/div><\/div><div class=\"wpb_column vc_column_container vc_col-sm-6\"><div class=\"vc_column-inner\"><div class=\"wpb_wrapper\">\r\n\t<div class=\"startflow-spacer clearfix\" data-desktop=\"140\" data-mobi=\"0\" data-smobi=\"0\"><\/div><div class=\"startflow-single-heading clearfix\" style=\"margin-bottom:20px;\"><span class=\"inner\"><span class=\"heading clearfix  accent\" style=\"font-size:20px;\">\r\n\t\tPublic Notary Service\r\n\t<\/span><\/span><\/div><div class=\"startflow-headings clearfix\"  style=\"\"><h2 class=\"heading clearfix\" style=\"margin-bottom:12px;\">\r\n\t\tWhy Lopez Services?\r\n\t<\/h2><p class=\"sub-heading clearfix\" style=\"font-style:normal;font-size:16px;line-height:29px;\">\r\n\t\tLopeza Services offers notary public services in an agile and prompt manner, which are more than necessary for those people, companies and organizations that demand a fast service. We are pioneers in offering notary public services to the Latino and Hispanic community for more than 30 years, you can be sure that our service is truly superior.\r\n\t<\/p><\/div>\r\n\t<div class=\"startflow-spacer clearfix\" data-desktop=\"42\" data-mobi=\"30\" data-smobi=\"30\"><\/div><div class=\"button-wrap icon-right\" style=\"\" ><a href=\"https:\/\/lopeza.net\/en\/booking\/\" target=\"_self\" class=\"startflow-button btn-240331618 medium no_icon accent custom\" style=\"border-radius:3px;\"  data-text=\"#ffffff\" data-text-hover=\"#ffffff\" data-background-hover=\"#071e57\">\r\n\t\t<span style=\"\">Make an appointment <\/span>\r\n\t<\/a><\/div>\r\n\t<div class=\"startflow-spacer clearfix\" data-desktop=\"210\" data-mobi=\"60\" data-smobi=\"60\"><\/div><\/div><\/div><\/div><\/div><\/div><div class=\"image-container img-parallax vc_col-sm-6 aside-left\" style=\"top:0px\"><div class=\"inner  wow fadeInLeft\" style=\"right:0px\"><img decoding=\"async\" src=\"https:\/\/lopeza.net\/wp-content\/uploads\/2021\/08\/contabilidad-05.jpg\" data-parallax='{\"x\" : 0, \"y\" : 0}' alt=\"Image\"><div class=\"startflow-video-icon clearfix accent\"><a class=\"icon-wrap popup-video\" href=\"#\">play<span class=\"circle\"><\/span><span class=\"circle-2\"><\/span><\/a><\/div><\/div><\/div><\/section><\/div><div class=\"vc-custom-col-spacing clearfix vc-col-spacing-30\"><section class=\"wpb_row vc_row-fluid vc_custom_1561434363866 vc_row-has-fill row-content-position-Default\"><div class=\"startflow-container\"><div class=\"row-inner clearfix\"><div class=\"wpb_column vc_column_container vc_col-sm-12\"><div class=\"vc_column-inner\"><div class=\"wpb_wrapper\">\r\n\t<div class=\"startflow-spacer clearfix\" data-desktop=\"90\" data-mobi=\"60\" data-smobi=\"60\"><\/div><div class=\"startflow-single-heading clearfix text-center\" style=\"margin-bottom:20px;\"><span class=\"inner\"><span class=\"heading clearfix  accent\" style=\"font-size:20px;\">\r\n\t\tLopeza Services\r\n\t<\/span><\/span><\/div><div class=\"startflow-headings clearfix text-center\"  style=\"\"><h2 class=\"heading clearfix\" style=\"margin-bottom:12px;\">\r\n\t\tNotary Public Services\r\n\t<\/h2><p class=\"sub-heading clearfix\" style=\"font-style:normal;font-size:18px;line-height:29px;max-width:760px;margin-left: auto; margin-right: auto;\">\r\n\t\tAgility, confidence and experience.\r\n\t<\/p><\/div>\r\n\t<div class=\"startflow-spacer clearfix\" data-desktop=\"90\" data-mobi=\"50\" data-smobi=\"50\"><\/div><div class=\"startflow-content-box clearfix\" ><div class=\"vc-custom-col-inner-spacing clearfix vc-col-inner-spacing-30\"><div class=\"wpb_row vc_inner vc_row-fluid\"><div class=\"wpb_column vc_column_container vc_col-sm-4\"><div class=\"vc_column-inner\"><div class=\"wpb_wrapper\"><div class=\"startflow-content-box clearfix  wow fadeInUp\" data-padding=\"42px 50px 43px\" data-mobipadding=\"42px 50px 43px\" data-margin=\"\" data-mobimargin=\"\"  data-wow-duration=\"0.75s\" data-wow-delay=\"0.3s\">\r\n\t\t<div class=\"inner ctb-1946917536\" style=\"background:url(https:\/\/lopeza.net\/wp-content\/uploads\/2019\/06\/icon-box-bg.png) left top no-repeat;background-size:cover;\"  data-background=\"#ffffff\" data-rounded=\"5px\" data-shadow=\" 0px 20px 70px 0px rgba(0,0,0,0.05)\">\r\n\t\t\t<div class=\"startflow-icon-box clearfix icon-top align-left  simple\" style=\"\" ><div class=\"wrap-inner\" style=\"position: relative;\"><div class=\"startflow-icon icon-332202229 custom custom\"  data-icon=\"#ffffff\" data-background=\"\">\r\n\t\t\t\t<span class=\"icon\" style=\"font-size:70px;width:70px;height:70px;border-style:solid;line-height:70px;\"><i class=\"pe-7s-home\"><\/i><\/span>\r\n\t\t\t<\/div> <h3 class=\"heading  white\" style=\"color:#ffffff;font-size:18px;margin-top:15px;margin-bottom:25px;\">\r\n\t\t\t<span>Notary for Real Estate<\/span>\r\n\t\t<\/h3><div class=\"desc\" style=\"color:#ffffff;font-size:16px;line-height:29px;margin-bottom:34px;\"><p class=\"p1\">If you are in the real estate business or require notary services for a personal real estate transaction, you should know that many documents are required for even the simplest of closings. It is important to know that most of these documents require that they be sealed by a notary. At Lopeza Services you can find qualified real estate notary services.<\/p>\n<\/div><div class=\"url-wrap\" style=\"\">\r\n\t\t\t<a target=\"_self\" class=\"startflow-links link-style-2\" href=\"https:\/\/lopeza.net\/en\/booking\/\" style=\"color:#ffffff;\">\r\n\t\t\t\t<span class=\"text\">Request an Appointment<\/span>\r\n\t\t\t<\/a>\r\n\t\t<\/div> <\/div><\/div>\r\n\t\t<\/div>\r\n\t<\/div>\r\n\t<div class=\"startflow-spacer clearfix\" data-desktop=\"0\" data-mobi=\"30\" data-smobi=\"30\"><\/div><\/div><\/div><\/div><div class=\"wpb_column vc_column_container vc_col-sm-4\"><div class=\"vc_column-inner\"><div class=\"wpb_wrapper\"><div class=\"startflow-content-box clearfix  wow fadeInUp\" data-padding=\"42px 50px 43px\" data-mobipadding=\"42px 50px 43px\" data-margin=\"\" data-mobimargin=\"\"  data-wow-duration=\"0.75s\" data-wow-delay=\"0.6s\">\r\n\t\t<div class=\"inner ctb-2114546037\" style=\"\"  data-background=\"#ffffff\" data-rounded=\"5px\" data-shadow=\" 0px 20px 70px 0px rgba(0,0,0,0.05)\">\r\n\t\t\t<div class=\"startflow-icon-box clearfix icon-top align-left  simple\" style=\"\" ><div class=\"wrap-inner\" style=\"position: relative;\"><div class=\"startflow-icon icon-2108490340 accent custom\"  data-background=\"\">\r\n\t\t\t\t<span class=\"icon\" style=\"font-size:70px;width:70px;height:70px;border-style:solid;line-height:70px;\"><i class=\"pe-7s-car\"><\/i><\/span>\r\n\t\t\t<\/div> <h3 class=\"heading\" style=\"font-size:18px;margin-top:15px;margin-bottom:25px;\">\r\n\t\t\t<span>Registration, Purchase and Sale of Vehicles<\/span>\r\n\t\t<\/h3><div class=\"desc\" style=\"font-size:16px;line-height:29px;margin-bottom:34px;\"><p><span>The transfer of a vehicle can be carried out through a sales contract between seller and buyer, which allows the owner of a vehicle to transfer to a third person, and the corresponding registration in the registry of motorized vehicles, in the name of the new owner.<\/span><\/p>\n<\/div><div class=\"url-wrap\" style=\"\">\r\n\t\t\t<a target=\"_self\" class=\"startflow-links link-style-2 accent\" href=\"https:\/\/lopeza.net\/en\/booking\/\" style=\"\">\r\n\t\t\t\t<span class=\"text\">Request an Appointment<\/span>\r\n\t\t\t<\/a>\r\n\t\t<\/div> <\/div><\/div>\r\n\t\t<\/div>\r\n\t<\/div>\r\n\t<div class=\"startflow-spacer clearfix\" data-desktop=\"0\" data-mobi=\"30\" data-smobi=\"30\"><\/div><\/div><\/div><\/div><div class=\"wpb_column vc_column_container vc_col-sm-4\"><div class=\"vc_column-inner\"><div class=\"wpb_wrapper\"><div class=\"startflow-content-box clearfix  wow fadeInUp\" data-padding=\"42px 50px 43px\" data-mobipadding=\"42px 50px 43px\" data-margin=\"\" data-mobimargin=\"\"  data-wow-duration=\"0.75s\" data-wow-delay=\"0.9s\">\r\n\t\t<div class=\"inner ctb-1827022131\" style=\"\"  data-background=\"#ffffff\" data-rounded=\"5px\" data-shadow=\" 0px 20px 70px 0px rgba(0,0,0,0.05)\">\r\n\t\t\t<div class=\"startflow-icon-box clearfix icon-top align-left  simple\" style=\"\" ><div class=\"wrap-inner\" style=\"position: relative;\"><div class=\"startflow-icon icon-1432145866 accent custom\"  data-background=\"\">\r\n\t\t\t\t<span class=\"icon\" style=\"font-size:70px;width:70px;height:70px;border-style:solid;line-height:70px;\"><i class=\"pe-7s-note2\"><\/i><\/span>\r\n\t\t\t<\/div> <h3 class=\"heading\" style=\"font-size:18px;margin-top:15px;margin-bottom:25px;\">\r\n\t\t\t<span>Document Translation Service<\/span>\r\n\t\t<\/h3><div class=\"desc\" style=\"font-size:16px;line-height:29px;margin-bottom:34px;\"><p><span>Lopeza Services certified translations meet the specifications required by legal and government offices. Trusted by many people, companies and organizations large and small around the world.<\/span><\/p>\n<\/div><div class=\"url-wrap\" style=\"\">\r\n\t\t\t<a target=\"_self\" class=\"startflow-links link-style-2 accent\" href=\"https:\/\/lopeza.net\/en\/booking\/\" style=\"\">\r\n\t\t\t\t<span class=\"text\">Schedule an Appointment<\/span>\r\n\t\t\t<\/a>\r\n\t\t<\/div> <\/div><\/div>\r\n\t\t<\/div>\r\n\t<\/div><\/div><\/div><\/div><\/div><\/div><\/div>\r\n\t<div class=\"startflow-spacer clearfix\" data-desktop=\"70\" data-mobi=\"40\" data-smobi=\"40\"><\/div><div class=\"startflow-align-box text-center\"><div class=\"button-wrap icon-right\" style=\"\" ><a href=\"https:\/\/lopeza.net\/en\/quote\/\" target=\"_self\" class=\"startflow-button btn-2077928897 medium no_icon accent custom\" style=\"border-radius:3px;\"  data-text=\"#ffffff\" data-text-hover=\"#ffffff\" data-background-hover=\"#1d2b37\">\r\n\t\t<span style=\"\">Contact an Agent <\/span>\r\n\t<\/a><\/div><\/div>\r\n\t<div class=\"startflow-spacer clearfix\" data-desktop=\"100\" data-mobi=\"40\" data-smobi=\"40\"><\/div><\/div><\/div><\/div><\/div><\/div><\/section><\/div><div class=\"vc-custom-col-spacing clearfix vc-col-spacing-30\"><section class=\"wpb_row vc_row-fluid vc_custom_1629910131322 vc_row-has-fill row-content-position-Default\"><div class=\"startflow-container\"><div class=\"row-inner clearfix\"><div class=\"wpb_column vc_column_container vc_col-sm-12\"><div class=\"vc_column-inner\"><div class=\"wpb_wrapper\">\r\n\t<div class=\"startflow-spacer clearfix\" data-desktop=\"80\" data-mobi=\"60\" data-smobi=\"60\"><\/div><div class=\"startflow-action-box\" style=\"\">\r\n\t\t<div class=\"inner\">\r\n\t<div class=\"heading-wrap\" style=\"width:60%;\">\r\n\t\t<h2 class=\"heading\" style=\"color:#ffffff;margin:0px 0px 12px 0px;max-width:800px;\">\r\n\t\t\tView all our services\r\n\t\t<\/h2>\r\n\t\t\r\n\t<div class=\"subheading-wrap\">\r\n\t\t<div style=\"font-weight:400;color:#ffffff;font-size:18px;line-height:29px;max-width:550px;\">\r\n\t\t\tOur mission is to serve the community by offering solutions in their own language, which is why all our offices have bilingual and native English staff. Our services are designed to provide the service that our community deserves.\r\n\t\t<\/div>\r\n\t<\/div>\r\n\t<\/div><div class=\"url-wrap\" style=\"width:40%;\">\r\n\t\t\t<a target=\"no\" class=\"startflow-button medium btn-922947101 accent\" href=\"https:\/\/lopeza.net\/en\/quote\/\" style=\"border-radius:3px;\"  data-text=\"#ffffff\"><span>Request a Service<\/span><\/a>\r\n\t\t<\/div><\/div>\r\n\t<\/div>\r\n\t<div class=\"startflow-spacer clearfix\" data-desktop=\"80\" data-mobi=\"60\" data-smobi=\"60\"><\/div><\/div><\/div><\/div><\/div><\/div><\/section><\/div><div class=\"vc-custom-col-spacing clearfix vc-col-spacing-30\"><section id=\"first-row\" class=\"wpb_row vc_row-fluid vc_custom_1561365736755 vc_row-has-fill row-content-position-Default\"><div class=\"startflow-container\"><div class=\"row-inner clearfix\"><div class=\"wpb_column vc_column_container vc_col-sm-12\"><div class=\"vc_column-inner\"><div class=\"wpb_wrapper\">\r\n\t<div class=\"startflow-spacer clearfix\" data-desktop=\"65\" data-mobi=\"60\" data-smobi=\"60\"><\/div><\/div><\/div><\/div><\/div><\/div><\/section><\/div>","protected":false},"excerpt":{"rendered":"Notar\u00eda P\u00fablica Notario P\u00fablico Un documento autenticado puede necesitarse en cualquier momento, en Lopeza Services tenemos m\u00e1s de 30 a\u00f1os de experiencia en notaria p\u00fablica. Lo que usted podr\u00eda necesitar es un poder notarial, un documento m\u00e9dico, un acuerdo comercial, documentos de bienes ra\u00edces, una factura de venta o un","protected":false},"author":1,"featured_media":0,"parent":0,"menu_order":0,"comment_status":"closed","ping_status":"closed","template":"","meta":{"footnotes":""},"class_list":["post-17380","page","type-page","status-publish","hentry"],"aioseo_notices":[],"_links":{"self":[{"href":"https:\/\/lopeza.net\/en\/wp-json\/wp\/v2\/pages\/17380","targetHints":{"allow":["GET"]}}],"collection":[{"href":"https:\/\/lopeza.net\/en\/wp-json\/wp\/v2\/pages"}],"about":[{"href":"https:\/\/lopeza.net\/en\/wp-json\/wp\/v2\/types\/page"}],"author":[{"embeddable":true,"href":"https:\/\/lopeza.net\/en\/wp-json\/wp\/v2\/users\/1"}],"replies":[{"embeddable":true,"href":"https:\/\/lopeza.net\/en\/wp-json\/wp\/v2\/comments?post=17380"}],"version-history":[{"count":9,"href":"https:\/\/lopeza.net\/en\/wp-json\/wp\/v2\/pages\/17380\/revisions"}],"predecessor-version":[{"id":18110,"href":"https:\/\/lopeza.net\/en\/wp-json\/wp\/v2\/pages\/17380\/revisions\/18110"}],"wp:attachment":[{"href":"https:\/\/lopeza.net\/en\/wp-json\/wp\/v2\/media?parent=17380"}],"curies":[{"name":"wp","href":"https:\/\/api.w.org\/{rel}","templated":true}]}}