{"id":17408,"date":"2021-09-08T13:55:56","date_gmt":"2021-09-08T18:55:56","guid":{"rendered":"https:\/\/lopeza.net\/?page_id=17408"},"modified":"2024-06-26T11:19:50","modified_gmt":"2024-06-26T15:19:50","slug":"booking","status":"publish","type":"page","link":"https:\/\/lopeza.net\/en\/booking\/","title":{"rendered":"Booking"},"content":{"rendered":"<div class=\"frm_forms  with_frm_style frm_style_estilos-formidable\" id=\"frm_form_5_container\" >\n<form enctype=\"multipart\/form-data\" method=\"post\" class=\"frm-show-form  frm_pro_form\" id=\"form_quoting38b13750f2\" action=\"\" >\n<div class=\"frm_form_fields  form-group\">\n<fieldset>\n<legend class=\"frm_screen_reader\">Booking<\/legend>\r\n\r\n<div class=\"frm_fields_container\">\n<input type=\"hidden\" name=\"frm_action\" value=\"create\" \/>\n<input type=\"hidden\" name=\"form_id\" value=\"5\" \/>\n<input type=\"hidden\" name=\"frm_hide_fields_5\" id=\"frm_hide_fields_5\" value=\"\" \/>\n<input type=\"hidden\" name=\"form_key\" value=\"quoting38b13750f2\" \/>\n<input type=\"hidden\" name=\"item_meta[0]\" value=\"\" \/>\n<input type=\"hidden\" id=\"frm_submit_entry_5\" name=\"frm_submit_entry_5\" value=\"cb6a4205ff\" \/><input type=\"hidden\" name=\"_wp_http_referer\" value=\"\/en\/wp-json\/wp\/v2\/pages\/17408\" \/><div id=\"frm_field_2082_container\" class=\"frm_form_field form-field  frm_required_field form-group frm_top_container frm_half\">\r\n    <label for=\"field_qh4icy244fa3a0fc366\" id=\"field_qh4icy244fa3a0fc366_label\" class=\"frm_primary_label control-label\">Name\r\n        <span class=\"frm_required\">*<\/span>\r\n    <\/label>\r\n    <input  type=\"text\" id=\"field_qh4icy244fa3a0fc366\" name=\"item_meta[2082]\" value=\"\"  data-reqmsg=\"Blank Field\" aria-required=\"true\" data-invmsg=\"Name no es v\u00e1lido\" class=\"form-control\" aria-invalid=\"false\"   \/>\r\n    \r\n    \r\n<\/div>\n<div id=\"frm_field_2083_container\" class=\"frm_form_field form-field  frm_required_field form-group frm_hidden_container frm_half\">\r\n    <label for=\"field_ocfup15699d2cdca0\" id=\"field_ocfup15699d2cdca0_label\" class=\"frm_primary_label control-label\">Apellido\r\n        <span class=\"frm_required\">*<\/span>\r\n    <\/label>\r\n    <input  type=\"text\" id=\"field_ocfup15699d2cdca0\" name=\"item_meta[2083]\" value=\"\"  data-reqmsg=\"Blank Field\" aria-required=\"true\" data-invmsg=\"Last no es v\u00e1lido\" class=\"form-control\" aria-invalid=\"false\"   aria-describedby=\"frm_desc_field_ocfup15699d2cdca0\" \/>\r\n    <div class=\"frm_description help-block\" id=\"frm_desc_field_ocfup15699d2cdca0\">Last<\/div>\r\n    \r\n<\/div>\n<div id=\"frm_field_2084_container\" class=\"frm_form_field form-field  form-group frm_top_container frm_half\">\r\n    <label for=\"field_7n3cc656fffdda8\" id=\"field_7n3cc656fffdda8_label\" class=\"frm_primary_label control-label\">Nombre de la empresa u organizaci\u00f3n\r\n        <span class=\"frm_required\"><\/span>\r\n    <\/label>\r\n    <input  type=\"text\" id=\"field_7n3cc656fffdda8\" name=\"item_meta[2084]\" value=\"\"  data-invmsg=\"Text is invalid\" class=\"form-control\" aria-invalid=\"false\"   \/>\r\n    \r\n    \r\n<\/div>\n<div id=\"frm_field_2085_container\" class=\"frm_form_field form-field  form-group frm_top_container frm_half frm_other_container\">\r\n    <label for=\"field_jnb8l55ad3893ce\" id=\"field_jnb8l55ad3893ce_label\" class=\"frm_primary_label control-label\">Servicio que requiere:\r\n        <span class=\"frm_required\" aria-hidden=\"true\"><\/span>\r\n    <\/label>\r\n    \t\t<select name=\"item_meta[2085]\" id=\"field_jnb8l55ad3893ce\"  data-frmval=\"FinCEN BOI Report\" data-invmsg=\"Servicio que requiere: is invalid\" class=\"form-control\" aria-invalid=\"false\"  >\n\t\t<option  value=\"FinCEN BOI Report\" selected='selected'>FinCEN BOI Report<\/option><option  value=\"Formaci\u00f3n de Iglesias\" class=\"frm_other_trigger\">Formaci\u00f3n de Iglesias<\/option><option  value=\"Impuestos Personales\">Personal Taxes<\/option><option  value=\"Impuestos Corporativos\">Corporate Taxes<\/option><option  value=\"Contabilidad \/ Bookkeeping\">Contabilidad \/ Bookkeeping<\/option><option  value=\"Nomina \/ Payroll\">Nomina \/ Payroll<\/option><option  value=\"Servicios Notariales\">Servicios Notariales<\/option><option  value=\"Traducci\u00f3n de Documentos\">Traducci\u00f3n de Documentos<\/option><option  value=\"Servicios de Inmigraci\u00f3n\">Servicios de Inmigraci\u00f3n<\/option>\t<\/select>\n\t<label for=\"field_jnb8l55ad3893ce-otext\" class=\"frm_screen_reader frm_hidden\">Servicio que requiere:<\/label><input type=\"text\" id=\"field_jnb8l55ad3893ce-otext\" class=\"frm_other_input frm_pos_none\"  name=\"item_meta[other][2085]\" value=\"\" \/>\r\n    \r\n    \r\n<\/div>\n<div id=\"frm_field_2086_container\" class=\"frm_form_field form-field  frm_required_field form-group frm_top_container frm_half\">\r\n    <label for=\"field_29yf4d5e5b95c4b88\" id=\"field_29yf4d5e5b95c4b88_label\" class=\"frm_primary_label control-label\">Direcci\u00f3n de Email\r\n        <span class=\"frm_required\">*<\/span>\r\n    <\/label>\r\n    <input type=\"email\" id=\"field_29yf4d5e5b95c4b88\" name=\"item_meta[2086]\" value=\"\"  data-reqmsg=\"Blank Field\" aria-required=\"true\" data-invmsg=\"Please enter a valid email address\" class=\"form-control\" aria-invalid=\"false\"  \/>\r\n    \r\n    \r\n<\/div>\n<div id=\"frm_field_2087_container\" class=\"frm_form_field form-field  frm_required_field form-group frm_top_container frm_half\">\r\n    <label for=\"field_gzdza3275f2b560d\" id=\"field_gzdza3275f2b560d_label\" class=\"frm_primary_label control-label\">Tel\u00e9fono\r\n        <span class=\"frm_required\">*<\/span>\r\n    <\/label>\r\n    <input type=\"tel\" id=\"field_gzdza3275f2b560d\" name=\"item_meta[2087]\" value=\"\"  data-frmmask=\"(000) 000-0000\" data-reqmsg=\"Blank Field\" aria-required=\"true\" data-invmsg=\"Phone no es v\u00e1lido\" class=\"form-control\" aria-invalid=\"false\" pattern=\"\\(\\d\\d\\d\\) \\d\\d\\d-\\d\\d\\d\\d$\"  \/>\r\n    \r\n    \r\n<\/div>\n<div id=\"frm_field_2088_container\" class=\"frm_form_field form-field  frm_required_field form-group frm_top_container frm_half\">\r\n    <label for=\"field_9jv0r14da0b5655b1\" id=\"field_9jv0r14da0b5655b1_label\" class=\"frm_primary_label control-label\">Solicitud:\r\n        <span class=\"frm_required\">*<\/span>\r\n    <\/label>\r\n    <textarea name=\"item_meta[2088]\" id=\"field_9jv0r14da0b5655b1\" rows=\"5\"  data-reqmsg=\"Blank Field\" aria-required=\"true\" data-invmsg=\"Solicitud: is invalid\" class=\"form-control\" aria-invalid=\"false\"  ><\/textarea>\r\n    \r\n    \r\n<\/div>\n<div id=\"frm_field_2089_container\" class=\"frm_form_field form-field  form-group frm_top_container frm_half\">\r\n    <label for=\"field_wbb6h84547ca20d\" id=\"field_wbb6h84547ca20d_label\" class=\"frm_primary_label control-label\">Desea adjuntar un archivo o archivos (\ud83d\uded1 Nunca envi\u00e9  su numero de seguro social o ITIN \ud83d\uded1):\r\n        <span class=\"frm_required\" aria-hidden=\"true\"><\/span>\r\n    <\/label>\r\n    <input type=\"hidden\"  data-invmsg=\"Subida de archivo no es v\u00e1lido\" class=\"auto_width\" aria-invalid=\"false\"   name=\"item_meta[2089][]\"  value=\"\" data-frmfile=\"2089\" \/>\n\n<div class=\"frm_dropzone frm_multi_upload frm_clearfix\" id=\"file2089_dropzone\" role=\"group\" >\n\t<div class=\"fallback\">\n\t\t<input type=\"file\" name=\"file2089[]\" id=\"field_wbb6h84547ca20d\"\n\t\t\t data-frmfile=\"2089\" multiple=\"multiple\"  data-invmsg=\"Subida de archivo no es v\u00e1lido\" class=\"auto_width\" aria-invalid=\"false\"  \t\t\t\/>\n\t\t\t\t<div class=\"frm_clearfix\"><\/div>\n\t<\/div>\n\t<div class=\"dz-message needsclick\">\n\t\t\t\t<svg  viewbox=\"0 0 18 18\" class=\"frmsvg frm-svg-icon\">\n\t<path viewbox=\"0 0 18 18\" fill-rule=\"evenodd\" clip-rule=\"evenodd\" d=\"M8.2 4v8a.8.8 0 001.5 0V4l2.1 2.2A.7.7 0 1013 5L9.5 1.7a.7.7 0 00-1.1 0L5.1 5.2a.8.8 0 001 1l2.1-2zm7.6 4.3c.4 0 .7.3.7.7v6.8c0 .4-.3.7-.8.7H2.3a.8.8 0 01-.8-.8V9A.8.8 0 013 9v6h12V9c0-.4.3-.8.8-.8z\"><\/path>\n<\/svg>\t\t<span class=\"frm_upload_text\"><button type=\"button\" aria-label=\"Desea adjuntar un archivo o archivos (\ud83d\uded1 Nunca envi\u00e9  su numero de seguro social o ITIN \ud83d\uded1):. Arrastra un archivo aqu\u00ed o haz clic para cargar. Maximum file size: 10MB\">Drag a file here or click to upload<\/button><\/span>\n\t\t<span class=\"frm_compact_text\"><button type=\"button\" aria-label=\"Desea adjuntar un archivo o archivos (\ud83d\uded1 Nunca envi\u00e9  su numero de seguro social o ITIN \ud83d\uded1):. Seleccionar Archivo. Maximum file size: 10MB\">Select File<\/button><\/span>\n\t\t<div class=\"frm_small_text\">\n\t\t\t<p>Maximum file size: 10MB<\/p>\n\t\t<\/div>\n\t<\/div>\n<\/div>\n\t\r\n    \r\n    \r\n<\/div>\n<input type=\"hidden\" name=\"item_meta[7005]\" id=\"field_nbu39\" value=\"Procesando\"  data-frmval=\"Procesando\" class=\"form-control\"   \/>\n<input type=\"hidden\" name=\"item_meta[7174]\" id=\"field_6qi0s\" value=\"Jocelyn\"  data-frmval=\"Jocelyn\" class=\"form-control\"   \/>\n<div id=\"frm_field_7307_container\" class=\"frm_form_field form-field  form-group\">\r\n\t<div class=\"form-group frm_submit\">\r\n\r\n<button class=\"frm_button_submit btn btn-default frm_final_submit\" type=\"submit\"   formnovalidate=\"formnovalidate\">Send<\/button>\r\n\r\n<\/div>\r\n<\/div>\n\t<input type=\"hidden\" name=\"item_key\" value=\"\" \/>\n\t\t\t<div id=\"frm_field_7367_container\">\n\t\t\t<label for=\"field_sh9ra\" >\n\t\t\t\tIf you are human, leave this field blank.\t\t\t<\/label>\n\t\t\t<input  id=\"field_sh9ra\" type=\"text\" class=\"frm_form_field form-field frm_verify\" name=\"item_meta[7367]\" value=\"\"  \/>\n\t\t<\/div>\n\t\t<input name=\"frm_state\" type=\"hidden\" value=\"\/bHRv1J92Qep28qNrqTWPtMXYI\/HAIjlLTac5ySInj6\/zwuJRjHEkzh1dsve6+\/z\" \/><\/div>\n<\/fieldset>\n<\/div>\n\n<input type=\"hidden\" name=\"trp-form-language\" value=\"en\"\/><\/form>\n<\/div>","protected":false},"excerpt":{"rendered":"Booking Nombre * Apellido * Last Nombre de la empresa u organizaci\u00f3n Servicio que requiere: FinCEN BOI ReportFormaci\u00f3n de IglesiasImpuestos PersonalesImpuestos CorporativosContabilidad \/ BookkeepingNomina \/ PayrollServicios NotarialesTraducci\u00f3n de DocumentosServicios de Inmigraci\u00f3n Servicio que requiere: Direcci\u00f3n de Email * Tel\u00e9fono * Solicitud: * Desea adjuntar un archivo o archivos (\ud83d\uded1 Nunca","protected":false},"author":1,"featured_media":0,"parent":0,"menu_order":0,"comment_status":"closed","ping_status":"closed","template":"","meta":{"footnotes":""},"class_list":["post-17408","page","type-page","status-publish","hentry"],"aioseo_notices":[],"_links":{"self":[{"href":"https:\/\/lopeza.net\/en\/wp-json\/wp\/v2\/pages\/17408","targetHints":{"allow":["GET"]}}],"collection":[{"href":"https:\/\/lopeza.net\/en\/wp-json\/wp\/v2\/pages"}],"about":[{"href":"https:\/\/lopeza.net\/en\/wp-json\/wp\/v2\/types\/page"}],"author":[{"embeddable":true,"href":"https:\/\/lopeza.net\/en\/wp-json\/wp\/v2\/users\/1"}],"replies":[{"embeddable":true,"href":"https:\/\/lopeza.net\/en\/wp-json\/wp\/v2\/comments?post=17408"}],"version-history":[{"count":1,"href":"https:\/\/lopeza.net\/en\/wp-json\/wp\/v2\/pages\/17408\/revisions"}],"predecessor-version":[{"id":17409,"href":"https:\/\/lopeza.net\/en\/wp-json\/wp\/v2\/pages\/17408\/revisions\/17409"}],"wp:attachment":[{"href":"https:\/\/lopeza.net\/en\/wp-json\/wp\/v2\/media?parent=17408"}],"curies":[{"name":"wp","href":"https:\/\/api.w.org\/{rel}","templated":true}]}}