{"id":17867,"date":"2022-07-06T12:52:54","date_gmt":"2022-07-06T17:52:54","guid":{"rendered":"https:\/\/lopeza.net\/?page_id=17867"},"modified":"2024-06-26T11:19:49","modified_gmt":"2024-06-26T15:19:49","slug":"asistente-virtual-inmigracion","status":"publish","type":"page","link":"https:\/\/lopeza.net\/en\/asistente-virtual-inmigracion\/","title":{"rendered":"Asistente Virtual Inmigraci\u00f3n"},"content":{"rendered":"<p>Asistente Virtual Inmigraci\u00f3n: Complete la informaci\u00f3n de acuerdo a lo que se le solicita para poder procesar su caso.<\/p>\r\n\r\n\r\n<div class=\"frm_forms  with_frm_style frm_style_estilos-formidable\" id=\"frm_form_44_container\" >\n<form enctype=\"multipart\/form-data\" method=\"post\" class=\"frm-show-form  frm_pro_form\" id=\"form_serviciosvariosf1e2961db2\" action=\"\" >\n<div class=\"frm_form_fields  form-group frm_page_num_1\">\n<fieldset>\n<legend class=\"frm_screen_reader\">Servicio de Inmigraci\u00f3n<\/legend>\r\n\r\n<div class=\"frm_fields_container\">\n<input type=\"hidden\" name=\"frm_action\" value=\"create\" \/>\n<input type=\"hidden\" name=\"form_id\" value=\"44\" \/>\n<input type=\"hidden\" name=\"frm_hide_fields_44\" id=\"frm_hide_fields_44\" value=\"\" \/>\n<input type=\"hidden\" name=\"form_key\" value=\"serviciosvariosf1e2961db2\" \/>\n<input type=\"hidden\" name=\"item_meta[0]\" value=\"\" \/>\n<input type=\"hidden\" id=\"frm_submit_entry_44\" name=\"frm_submit_entry_44\" value=\"c7718b8210\" \/><input type=\"hidden\" name=\"_wp_http_referer\" value=\"\/en\/wp-json\/wp\/v2\/pages\/17867\" \/><div id=\"frm_field_7213_container\" class=\"frm_form_field frm_section_heading form-field\">\r\n<h3 class=\"frm_pos_top frm_section_spacing\">Datos Generales<\/h3>\r\n\r\n\r\n<div id=\"frm_field_7203_container\" class=\"frm_form_field form-field  frm_required_field form-group frm_top_container frm_half\">\r\n    <div  id=\"field_uck9k9a026e4d03_label\" class=\"frm_primary_label control-label\">Name\r\n        <span class=\"frm_required\" aria-hidden=\"true\">*<\/span>\r\n    <\/div>\r\n    <fieldset aria-labelledby=\"field_uck9k9a026e4d03_label\">\n\t<legend class=\"frm_screen_reader frm_hidden\">\n\t\tName\t<\/legend>\n\n\t<div  class=\"frm_combo_inputs_container\" id=\"frm_combo_inputs_container_7203\" data-name-layout=\"first_last\">\n\t\t\t\t\t<div\n\t\t\t\tid=\"frm_field_7203-first_container\"\n\t\t\t\tclass=\"frm_form_field form-field frm_form_subfield-first  frm6\"\n\t\t\t\tdata-sub-field-name=\"first\"\n\t\t\t>\n\t\t\t\t<label for=\"field_uck9k9a026e4d03_first\" class=\"frm_screen_reader frm_hidden\">\n\t\t\t\t\tName\t\t\t\t<\/label>\n\n\t\t\t\t<input  type=\"text\" id=\"field_uck9k9a026e4d03_first\" value=\"\" name=\"item_meta[7203][first]\" autocomplete=\"given-name\" data-sectionid=\"7213\"  data-reqmsg=\"Este campo no puede estar en blanco.\" aria-required=\"true\" data-invmsg=\"Nombre is invalid\" class=\"form-control\" aria-invalid=\"false\"  \/><div class=\"frm_description\" id=\"frm_field_7203_first_desc\">Name<\/div>\t\t\t<\/div>\n\t\t\t\t\t\t<div\n\t\t\t\tid=\"frm_field_7203-last_container\"\n\t\t\t\tclass=\"frm_form_field form-field frm_form_subfield-last  frm6\"\n\t\t\t\tdata-sub-field-name=\"last\"\n\t\t\t>\n\t\t\t\t<label for=\"field_uck9k9a026e4d03_last\" class=\"frm_screen_reader frm_hidden\">\n\t\t\t\t\tApellidos\t\t\t\t<\/label>\n\n\t\t\t\t<input  type=\"text\" id=\"field_uck9k9a026e4d03_last\" value=\"\" name=\"item_meta[7203][last]\" autocomplete=\"family-name\" data-sectionid=\"7213\"  data-reqmsg=\"Este campo no puede estar en blanco.\" aria-required=\"true\" data-invmsg=\"Nombre is invalid\" class=\"form-control\" aria-invalid=\"false\"  \/><div class=\"frm_description\" id=\"frm_field_7203_last_desc\">Apellidos<\/div>\t\t\t<\/div>\n\t\t\t\t<\/div>\n<\/fieldset>\n\r\n    \r\n    \r\n<\/div>\n<div id=\"frm_field_7204_container\" class=\"frm_form_field form-field  frm_required_field form-group frm_top_container frm_half\">\r\n    <label for=\"field_85llf916ebef638\" id=\"field_85llf916ebef638_label\" class=\"frm_primary_label control-label\">Tel\u00e9fono\r\n        <span class=\"frm_required\" aria-hidden=\"true\">*<\/span>\r\n    <\/label>\r\n    <input type=\"tel\" id=\"field_85llf916ebef638\" name=\"item_meta[7204]\" value=\"\"  data-sectionid=\"7213\"  data-reqmsg=\"Este campo no puede estar en blanco.\" aria-required=\"true\" data-invmsg=\"Tel\u00e9fono no es v\u00e1lido\" class=\"form-control\" aria-invalid=\"false\" pattern=\"((\\+\\d{1,3}(-|.| )?\\(?\\d\\)?(-| |.)?\\d{1,5})|(\\(?\\d{2,6}\\)?))(-|.| )?(\\d{3,4})(-|.| )?(\\d{4})(( x| ext)\\d{1,5}){0,1}$\"  \/>\r\n    \r\n    \r\n<\/div>\n<div id=\"frm_field_7205_container\" class=\"frm_form_field form-field  frm_required_field form-group frm_top_container frm_half\">\r\n    <label for=\"field_hs05b41d8e504c3\" id=\"field_hs05b41d8e504c3_label\" class=\"frm_primary_label control-label\">Email\r\n        <span class=\"frm_required\" aria-hidden=\"true\">*<\/span>\r\n    <\/label>\r\n    <input type=\"email\" id=\"field_hs05b41d8e504c3\" name=\"item_meta[7205]\" value=\"\"  data-sectionid=\"7213\"  data-reqmsg=\"Este campo no puede estar en blanco.\" aria-required=\"true\" data-invmsg=\"Correo electr\u00f3nico no es v\u00e1lido\" class=\"form-control\" aria-invalid=\"false\"  \/>\r\n    \r\n    \r\n<\/div>\n<div id=\"frm_field_conf_7205_container\" class=\"frm_form_field frm_hidden_container frm_conf_field form-field  frm_required_field form-group frm_top_container frm_half\">\r\n    <label for=\"field_conf_hs05b41d8e504c3\" id=\"field_conf_hs05b41d8e504c3_label\" class=\"frm_conf_label frm_primary_label control-label\">Confirm Correo electr\u00f3nico\r\n        <span class=\"frm_required\" aria-hidden=\"true\">*<\/span>\r\n    <\/label>\r\n    <input type=\"email\" id=\"field_conf_hs05b41d8e504c3\" name=\"item_meta[conf_7205]\" value=\"\"  data-sectionid=\"7213\"  data-reqmsg=\"Este campo no puede estar en blanco.\" aria-required=\"true\" data-confmsg=\"Los valores introducidos no coinciden\" data-invmsg=\"Correo electr\u00f3nico no es v\u00e1lido\" class=\"form-control\" aria-invalid=\"false\"  \/>\r\n    \r\n    \r\n<\/div>\n<div id=\"frm_field_7206_container\" class=\"frm_form_field form-field  frm_required_field form-group frm_top_container\">\r\n    <div  id=\"field_jfvhn416a0eb886_label\" class=\"frm_primary_label control-label\">Address\r\n        <span class=\"frm_required\" aria-hidden=\"true\">*<\/span>\r\n    <\/div>\r\n    <fieldset aria-labelledby=\"field_jfvhn416a0eb886_label\">\n<legend class=\"frm_screen_reader frm_hidden\">\n\tAddress<\/legend>\n<div class=\"frm_combo_inputs_container\">\n<div id=\"frm_field_7206-line1_container\" class=\"frm_form_field form-field\">\n\t<label for=\"field_jfvhn416a0eb886_line1\" class=\"frm_screen_reader frm_hidden\">\n\t\tAddress\t<\/label>\n\t\t<input type=\"text\" id=\"field_jfvhn416a0eb886_line1\" value=\"\" name=\"item_meta[7206][line1]\"  data-sectionid=\"7213\"  data-reqmsg=\"Este campo no puede estar en blanco.\" aria-required=\"true\" data-invmsg=\"Direcci\u00f3n is invalid\" class=\"form-control\" aria-invalid=\"false\"   autocomplete=\"address-line1\" \/>\n\t<\/div>\n<div id=\"frm_field_7206-line2_container\" class=\"frm_form_field form-field\">\n\t<label for=\"field_jfvhn416a0eb886_line2\" class=\"frm_screen_reader frm_hidden\">\n\t\tAddress\t<\/label>\n\t\t<input type=\"text\" id=\"field_jfvhn416a0eb886_line2\" value=\"\" name=\"item_meta[7206][line2]\"  data-sectionid=\"7213\"  data-reqmsg=\"Este campo no puede estar en blanco.\" aria-required=\"true\" data-invmsg=\"Direcci\u00f3n is invalid\" class=\"form-control frm_optional\" aria-invalid=\"false\"   autocomplete=\"address-line2\" \/>\n\t<\/div>\n<div id=\"frm_field_7206-city_container\" class=\"frm_form_field form-field frm_third frm_first\">\n\t<label for=\"field_jfvhn416a0eb886_city\" class=\"frm_screen_reader frm_hidden\">\n\t\tCity\t<\/label>\n\t\t<input type=\"text\" id=\"field_jfvhn416a0eb886_city\" value=\"\" name=\"item_meta[7206][city]\"  data-sectionid=\"7213\"  data-reqmsg=\"Este campo no puede estar en blanco.\" aria-required=\"true\" data-invmsg=\"Direcci\u00f3n is invalid\" class=\"form-control\" aria-invalid=\"false\"   autocomplete=\"address-level2\" \/>\n\t<div class=\"frm_description\">City<\/div><\/div>\n<div id=\"frm_field_7206-state_container\" class=\"frm_form_field form-field frm_third\">\n\t<label for=\"field_jfvhn416a0eb886_state\" class=\"frm_screen_reader frm_hidden\">\n\t\tEstado\t<\/label>\n\t\t\t<select name=\"item_meta[7206][state]\" id=\"field_jfvhn416a0eb886_state\"  data-sectionid=\"7213\"  data-reqmsg=\"Este campo no puede estar en blanco.\" aria-required=\"true\" data-invmsg=\"Direcci\u00f3n is invalid\" class=\"form-control\" aria-invalid=\"false\"   autocomplete=\"address-level1\">\n\t\t\t<option value=\"\" class=\"\">\n\t\t\t\t \t\t\t<\/option>\n\t\t\t<option  value=\"Alabama\">Alabama<\/option><option  value=\"Alaska\">Alaska<\/option><option  value=\"Arkansas\">Arkansas<\/option><option  value=\"Arizona\">Arizona<\/option><option  value=\"California\">California<\/option><option  value=\"Colorado\">Colorado<\/option><option  value=\"Connecticut\">Connecticut<\/option><option  value=\"Delaware\">Delaware<\/option><option  value=\"District of Columbia\">District of Columbia<\/option><option  value=\"Florida\">Florida<\/option><option  value=\"Georgia\">Georgia<\/option><option  value=\"Hawaii\">Hawaii<\/option><option  value=\"Idaho\">Idaho<\/option><option  value=\"Illinois\">Illinois<\/option><option  value=\"Indiana\">Indiana<\/option><option  value=\"Iowa\">Iowa<\/option><option  value=\"Kansas\">Kansas<\/option><option  value=\"Kentucky\">Kentucky<\/option><option  value=\"Louisiana\">Louisiana<\/option><option  value=\"Maine\">Maine<\/option><option  value=\"Maryland\">Maryland<\/option><option  value=\"Massachusetts\">Massachusetts<\/option><option  value=\"Michigan\">Michigan<\/option><option  value=\"Minnesota\">Minnesota<\/option><option  value=\"Mississippi\">Mississippi<\/option><option  value=\"Missouri\">Missouri<\/option><option  value=\"Montana\">Montana<\/option><option  value=\"Nebraska\">Nebraska<\/option><option  value=\"Nevada\">Nevada<\/option><option  value=\"New Hampshire\">New Hampshire<\/option><option  value=\"New Jersey\">New Jersey<\/option><option  value=\"New Mexico\">New Mexico<\/option><option  value=\"New York\">New York<\/option><option  value=\"North Carolina\">North Carolina<\/option><option  value=\"North Dakota\">North Dakota<\/option><option  value=\"Ohio\">Ohio<\/option><option  value=\"Oklahoma\">Oklahoma<\/option><option  value=\"Oregon\">Oregon<\/option><option  value=\"Pennsylvania\">Pennsylvania<\/option><option  value=\"Rhode Island\">Rhode Island<\/option><option  value=\"South Carolina\">South Carolina<\/option><option  value=\"South Dakota\">South Dakota<\/option><option  value=\"Tennessee\">Tennessee<\/option><option  value=\"Texas\">Texas<\/option><option  value=\"Utah\">Utah<\/option><option  value=\"Vermont\">Vermont<\/option><option  value=\"Virginia\">Virginia<\/option><option  value=\"Washington\">Washington<\/option><option  value=\"West Virginia\">West Virginia<\/option><option  value=\"Wisconsin\">Wisconsin<\/option><option  value=\"Wyoming\">Wyoming<\/option>\t\t<\/select>\n\t<div class=\"frm_description\">Estado<\/div><\/div>\n<div id=\"frm_field_7206-zip_container\" class=\"frm_form_field form-field frm_third\">\n\t<label for=\"field_jfvhn416a0eb886_zip\" class=\"frm_screen_reader frm_hidden\">\n\t\tZip-code\t<\/label>\n\t\t<input type=\"text\" id=\"field_jfvhn416a0eb886_zip\" value=\"\" name=\"item_meta[7206][zip]\"  data-sectionid=\"7213\"  data-reqmsg=\"Este campo no puede estar en blanco.\" aria-required=\"true\" data-invmsg=\"Direcci\u00f3n is invalid\" class=\"form-control\" aria-invalid=\"false\"   autocomplete=\"postal-code\" \/>\n\t<div class=\"frm_description\">Zip-code<\/div><\/div>\n<\/div>\n<\/fieldset>\n\r\n    \r\n    \r\n<\/div>\n<\/div>\n<input type=\"hidden\" name=\"frm_page_order_44\" id=\"frm_page_order_44\" value=\"12\" \/><input type=\"hidden\" name=\"item_meta[7216]\" id=\"field_27u5j\" value=\"\"  class=\"form-control\"   \/>\n<input type=\"hidden\" name=\"item_meta[7207]\" id=\"field_jvm5re5b654884b-0\" value=\"\"  data-sectionid=\"7216\"  class=\"form-control\"   \/>\n<input type=\"hidden\" name=\"item_meta[7208]\" id=\"field_iqyntccfd48bd9b-0\" value=\"\"  data-sectionid=\"7216\"  class=\"form-control\"   \/>\n<input type=\"hidden\" name=\"item_meta[7212]\" id=\"field_w0lt8\" value=\"\"  data-sectionid=\"7216\"  class=\"form-control\"   \/>\n<input type=\"hidden\" name=\"item_meta[7217]\" id=\"field_ozdwn\" value=\"\"  class=\"form-control\"   \/>\n<input type=\"hidden\" name=\"item_meta[7218]\" id=\"field_59h6x\" value=\"\"  class=\"form-control\"   \/>\n<input type=\"hidden\" name=\"item_meta[7219]\" id=\"field_36m8o\" value=\"\"  class=\"form-control\"   \/>\n<input type=\"hidden\" name=\"item_meta[7210]\" id=\"field_6njkbde4303f531\" value=\"\"  data-sectionid=\"7219\"  class=\"form-control\"   \/>\n<input type=\"hidden\" name=\"item_meta[7221]\" id=\"field_2jnwx-0\" value=\"\"  data-sectionid=\"7219\"  class=\"form-control\"   \/>\n<input type=\"hidden\" name=\"item_meta[7220]\" id=\"field_cb3kv\" value=\"\"  class=\"form-control\"   \/>\n<input type=\"hidden\" name=\"item_meta[7238]\" id=\"field_kj1z6\" value=\"\"  class=\"form-control\"   \/>\n<input type=\"hidden\" name=\"item_meta[7240]\" id=\"field_iayek\" value=\"Pendiente\"  data-sectionid=\"7238\"  data-frmval=\"Pendiente\" class=\"form-control\"   \/>\n<input type=\"hidden\" name=\"item_meta[7241]\" id=\"field_ev5fw\" value=\"Frontdesk\"  data-sectionid=\"7238\"  data-frmval=\"Frontdesk\" class=\"form-control\"   \/>\n<input type=\"hidden\" name=\"item_meta[7239]\" id=\"field_u5w99\" value=\"\"  class=\"form-control\"   \/>\n<input type=\"hidden\" name=\"item_meta[7363]\" id=\"field_8lj9\" value=\"\"  class=\"form-control\"   \/>\n\t<input type=\"hidden\" name=\"item_key\" value=\"\" \/>\n\t\t\t<div id=\"frm_field_7367_container\">\n\t\t\t<label for=\"field_s5378\" >\n\t\t\t\tIf you are human, leave this field blank.\t\t\t<\/label>\n\t\t\t<input  id=\"field_s5378\" type=\"text\" class=\"frm_form_field form-field frm_verify\" name=\"item_meta[7367]\" value=\"\"  \/>\n\t\t<\/div>\n\t\t<input name=\"frm_state\" type=\"hidden\" value=\"\/bHRv1J92Qep28qNrqTWPm5WJp0EygwbPrkAF+5iioa\/zwuJRjHEkzh1dsve6+\/z\" \/><div class=\"form-group frm_submit\">\r\n\r\n<button class=\"frm_button_submit btn btn-default\" type=\"submit\"   formnovalidate=\"formnovalidate\">Siguiente: Tipo de Tramite Migratorio<\/button>\r\n\r\n<\/div><\/div>\n<\/fieldset>\n<\/div>\n\n<input type=\"hidden\" name=\"trp-form-language\" value=\"en\"\/><\/form>\n<\/div>","protected":false},"excerpt":{"rendered":"<p>Asistente Virtual Inmigraci\u00f3n: Complete la informaci\u00f3n de acuerdo a lo que se le solicita para poder procesar su caso.<\/p>","protected":false},"author":1,"featured_media":0,"parent":0,"menu_order":0,"comment_status":"closed","ping_status":"closed","template":"","meta":{"footnotes":""},"class_list":["post-17867","page","type-page","status-publish","hentry"],"aioseo_notices":[],"_links":{"self":[{"href":"https:\/\/lopeza.net\/en\/wp-json\/wp\/v2\/pages\/17867","targetHints":{"allow":["GET"]}}],"collection":[{"href":"https:\/\/lopeza.net\/en\/wp-json\/wp\/v2\/pages"}],"about":[{"href":"https:\/\/lopeza.net\/en\/wp-json\/wp\/v2\/types\/page"}],"author":[{"embeddable":true,"href":"https:\/\/lopeza.net\/en\/wp-json\/wp\/v2\/users\/1"}],"replies":[{"embeddable":true,"href":"https:\/\/lopeza.net\/en\/wp-json\/wp\/v2\/comments?post=17867"}],"version-history":[{"count":2,"href":"https:\/\/lopeza.net\/en\/wp-json\/wp\/v2\/pages\/17867\/revisions"}],"predecessor-version":[{"id":17870,"href":"https:\/\/lopeza.net\/en\/wp-json\/wp\/v2\/pages\/17867\/revisions\/17870"}],"wp:attachment":[{"href":"https:\/\/lopeza.net\/en\/wp-json\/wp\/v2\/media?parent=17867"}],"curies":[{"name":"wp","href":"https:\/\/api.w.org\/{rel}","templated":true}]}}