{"id":18147,"date":"2023-06-14T09:47:02","date_gmt":"2023-06-14T14:47:02","guid":{"rendered":"https:\/\/lopeza.net\/?page_id=18147"},"modified":"2024-06-26T11:19:49","modified_gmt":"2024-06-26T15:19:49","slug":"blog","status":"publish","type":"page","link":"https:\/\/lopeza.net\/en\/blog\/","title":{"rendered":"Blog"},"content":{"rendered":"<div class=\"vc-custom-col-spacing clearfix vc-col-spacing-30\"><section class=\"wpb_row vc_row-fluid row-content-position-Default\"><div class=\"startflow-container\"><div class=\"row-inner clearfix\"><div class=\"wpb_column vc_column_container vc_col-sm-12\"><div class=\"vc_column-inner\"><div class=\"wpb_wrapper\">\r\n<div class=\"startflow-news style-1  arrow-center offsetcenter offset-v0 bullet-circle arrow50\" data-auto=\"false\" data-column=\"3\" data-column2=\"2\" data-column3=\"1\" data-gap=\"30\">\r\n\t\r\n\t<div class=\"owl-carousel owl-theme\">\r\n    \r\n\t\t<div class=\"news-item clearfix\">\r\n\t\t\t<div class=\"inner\" style=\"background-color:#ffffff;\">\r\n\t\t\t\t<div class=\"thumb-wrap\">\r\n\t\t\t\t\t<img loading=\"lazy\" decoding=\"async\" width=\"570\" height=\"370\" src=\"https:\/\/lopeza.net\/wp-content\/uploads\/2023\/06\/pexels-jackson-david-3787149-scaled-1-570x370.jpg\" class=\"attachment-startflow-post-element size-startflow-post-element wp-post-image\" alt=\"\" srcset=\"https:\/\/lopeza.net\/wp-content\/uploads\/2023\/06\/pexels-jackson-david-3787149-scaled-1-570x370.jpg 570w, https:\/\/lopeza.net\/wp-content\/uploads\/2023\/06\/pexels-jackson-david-3787149-scaled-1-18x12.jpg 18w\" sizes=\"auto, (max-width: 570px) 100vw, 570px\" \/>\t\t\t\t<\/div><!-- \/.thumb-wrap -->\r\n\r\n                <div class=\"text-wrap\" style=\"\">\r\n                    <div class=\"categories\">\r\n                    \t<a href=\"https:\/\/lopeza.net\/en\/category\/uncategorized\/\" rel=\"category tag\">Uncategorized<\/a>                    <\/div>\r\n\r\n\t\t\t\t\t<h3 class=\"title\" style=\"\"><span><a href=\"https:\/\/lopeza.net\/en\/massachusetts-autoriza-licencia-de-conducir-para-inmigrantes\/\">Massachusetts autoriza licencia de conducir para inmigrantes<\/a><\/span><\/h3><div class=\"post-meta\"><span class=\"post-by-author item\"><span class=\"gravatar\"><img alt='' src='https:\/\/lopeza.net\/wp-content\/litespeed\/avatar\/4adca9ef885b31c3334e5001eb09b418.jpg?ver=1777085804' srcset='https:\/\/lopeza.net\/wp-content\/litespeed\/avatar\/e179a377fee6cb7f2b87d588cefed149.jpg?ver=1777085804 2x' class='avatar avatar-96 photo' height='96' width='96' \/><\/span> Written by <a href=\"https:\/\/lopeza.net\/en\/author\/admin\/\" title=\"View all posts by admin\">admin<\/a><\/span><span class=\"post-date item\"><span class=\"entry-date\">June 21, 2023<\/span><\/span><\/div>                <\/div><!-- \/.text-wrap -->\r\n\t        <\/div>\r\n\t    <\/div><!-- \/.news-item -->\r\n\t    \r\n\t\r\n\t\t<div class=\"news-item clearfix\">\r\n\t\t\t<div class=\"inner\" style=\"background-color:#ffffff;\">\r\n\t\t\t\t<div class=\"thumb-wrap\">\r\n\t\t\t\t\t<img loading=\"lazy\" decoding=\"async\" width=\"570\" height=\"370\" src=\"https:\/\/lopeza.net\/wp-content\/uploads\/2023\/06\/501-min-570x370.jpg\" class=\"attachment-startflow-post-element size-startflow-post-element wp-post-image\" alt=\"\" \/>\t\t\t\t<\/div><!-- \/.thumb-wrap -->\r\n\r\n                <div class=\"text-wrap\" style=\"\">\r\n                    <div class=\"categories\">\r\n                    \t<a href=\"https:\/\/lopeza.net\/en\/category\/iglesias\/\" rel=\"category tag\">Iglesias<\/a>, <a href=\"https:\/\/lopeza.net\/en\/category\/organization\/\" rel=\"category tag\">Organization<\/a>                    <\/div>\r\n\r\n\t\t\t\t\t<h3 class=\"title\" style=\"\"><span><a href=\"https:\/\/lopeza.net\/en\/iglesia-exencion-impuestos\/\">\u00bfDeben las iglesias solicitar la exenci\u00f3n de Impuestos 501(C)(3)?<\/a><\/span><\/h3><div class=\"post-meta\"><span class=\"post-by-author item\"><span class=\"gravatar\"><img alt='' src='https:\/\/lopeza.net\/wp-content\/litespeed\/avatar\/ab0a68a30dafdd08546224d3f61a764e.jpg?ver=1777079137' srcset='https:\/\/lopeza.net\/wp-content\/litespeed\/avatar\/fe38af336470bdfa96f955f7bb5c81ab.jpg?ver=1777079137 2x' class='avatar avatar-96 photo' height='96' width='96' \/><\/span> Written by <a href=\"https:\/\/lopeza.net\/en\/author\/blogger\/\" title=\"View all posts by Lopeza Service\">Lopeza Service<\/a><\/span><span class=\"post-date item\"><span class=\"entry-date\">June 14, 2023<\/span><\/span><\/div>                <\/div><!-- \/.text-wrap -->\r\n\t        <\/div>\r\n\t    <\/div><!-- \/.news-item -->\r\n\t    \r\n\t\r\n\t\t<div class=\"news-item clearfix\">\r\n\t\t\t<div class=\"inner\" style=\"background-color:#ffffff;\">\r\n\t\t\t\t<div class=\"thumb-wrap\">\r\n\t\t\t\t\t<img loading=\"lazy\" decoding=\"async\" width=\"570\" height=\"370\" src=\"https:\/\/lopeza.net\/wp-content\/uploads\/2023\/06\/5-pasos-min-570x370.jpg\" class=\"attachment-startflow-post-element size-startflow-post-element wp-post-image\" alt=\"\" \/>\t\t\t\t<\/div><!-- \/.thumb-wrap -->\r\n\r\n                <div class=\"text-wrap\" style=\"\">\r\n                    <div class=\"categories\">\r\n                    \t<a href=\"https:\/\/lopeza.net\/en\/category\/iglesias\/\" rel=\"category tag\">Iglesias<\/a>, <a href=\"https:\/\/lopeza.net\/en\/category\/organization\/\" rel=\"category tag\">Organization<\/a>                    <\/div>\r\n\r\n\t\t\t\t\t<h3 class=\"title\" style=\"\"><span><a href=\"https:\/\/lopeza.net\/en\/organizar-legalmente-tu-iglesia\/\">5 Pasos Esenciales Para Organizar Legalmente Su Iglesia<\/a><\/span><\/h3><div class=\"post-meta\"><span class=\"post-by-author item\"><span class=\"gravatar\"><img alt='' src='https:\/\/lopeza.net\/wp-content\/litespeed\/avatar\/ab0a68a30dafdd08546224d3f61a764e.jpg?ver=1777079137' srcset='https:\/\/lopeza.net\/wp-content\/litespeed\/avatar\/fe38af336470bdfa96f955f7bb5c81ab.jpg?ver=1777079137 2x' class='avatar avatar-96 photo' height='96' width='96' \/><\/span> Written by <a href=\"https:\/\/lopeza.net\/en\/author\/blogger\/\" title=\"View all posts by Lopeza Service\">Lopeza Service<\/a><\/span><span class=\"post-date item\"><span class=\"entry-date\">June 14, 2023<\/span><\/span><\/div>                <\/div><!-- \/.text-wrap -->\r\n\t        <\/div>\r\n\t    <\/div><!-- \/.news-item -->\r\n\t    \r\n\t\t<\/div><!-- \/.owl-carousel -->\r\n\r\n\r\n<\/div><!-- \/.startflow-news -->\r\n<\/div><\/div><\/div><\/div><\/div><\/section><\/div>","protected":false},"excerpt":{"rendered":"1. Incorporaci\u00f3n El primer paso para establecer legalmente su iglesia es reservar el nombre de su iglesia o ministerio, tambi\u00e9n redactar y presentar los art\u00edculos de incorporaci\u00f3n al Estado. Sus art\u00edculos de incorporaci\u00f3n (o by laws) deben incluir una declaraci\u00f3n de sus objetivos ministeriales, una cl\u00e1usula de disoluci\u00f3n, as\u00ed como","protected":false},"author":1,"featured_media":0,"parent":0,"menu_order":0,"comment_status":"closed","ping_status":"closed","template":"","meta":{"footnotes":""},"class_list":["post-18147","page","type-page","status-publish","hentry"],"aioseo_notices":[],"_links":{"self":[{"href":"https:\/\/lopeza.net\/en\/wp-json\/wp\/v2\/pages\/18147","targetHints":{"allow":["GET"]}}],"collection":[{"href":"https:\/\/lopeza.net\/en\/wp-json\/wp\/v2\/pages"}],"about":[{"href":"https:\/\/lopeza.net\/en\/wp-json\/wp\/v2\/types\/page"}],"author":[{"embeddable":true,"href":"https:\/\/lopeza.net\/en\/wp-json\/wp\/v2\/users\/1"}],"replies":[{"embeddable":true,"href":"https:\/\/lopeza.net\/en\/wp-json\/wp\/v2\/comments?post=18147"}],"version-history":[{"count":1,"href":"https:\/\/lopeza.net\/en\/wp-json\/wp\/v2\/pages\/18147\/revisions"}],"predecessor-version":[{"id":18148,"href":"https:\/\/lopeza.net\/en\/wp-json\/wp\/v2\/pages\/18147\/revisions\/18148"}],"wp:attachment":[{"href":"https:\/\/lopeza.net\/en\/wp-json\/wp\/v2\/media?parent=18147"}],"curies":[{"name":"wp","href":"https:\/\/api.w.org\/{rel}","templated":true}]}}