{"id":18269,"date":"2024-06-26T12:07:04","date_gmt":"2024-06-26T16:07:04","guid":{"rendered":"https:\/\/lopeza.net\/?page_id=18269"},"modified":"2024-06-26T12:22:07","modified_gmt":"2024-06-26T16:22:07","slug":"visa-eb3","status":"publish","type":"page","link":"https:\/\/lopeza.net\/en\/visa-eb3\/","title":{"rendered":"Visa para profesionales, trabajadores calificados y otros trabajadores \u2013 Visa EB-3"},"content":{"rendered":"<div class=\"vc-custom-col-spacing clearfix vc-col-spacing-30\"><section class=\"wpb_row vc_row-fluid row-content-position-Default\"><div class=\"startflow-container\"><div class=\"row-inner clearfix\"><div class=\"wpb_column vc_column_container vc_col-sm-12\"><div class=\"vc_column-inner\"><div class=\"wpb_wrapper\"><div class=\"startflow-content-box clearfix\" data-padding=\"\" data-mobipadding=\"\" data-margin=\"-180px 0 0 0\" data-mobimargin=\"-150px 0 0 0\" >\r\n\t\t<div class=\"inner ctb-736141272\" style=\"\"  data-background=\"\">\r\n\t\t\t<div class=\"startflow-scroll-target\">\r\n\t\t\t<a href=\"#first-row\" style=\"color:#ffffff;\">\r\n\t\t\t<\/a>\r\n\t\t<\/div>\r\n\t\t<\/div>\r\n\t<\/div><\/div><\/div><\/div><\/div><\/div><\/section><\/div><div class=\"vc-custom-col-spacing clearfix vc-col-spacing-30\"><section id=\"first-row\" class=\"wpb_row vc_row-fluid row-content-position-Default\"><div class=\"startflow-container\"><div class=\"row-inner clearfix\"><div class=\"wpb_column vc_column_container vc_col-sm-12\"><div class=\"vc_column-inner\"><div class=\"wpb_wrapper\">\r\n\t<div class=\"startflow-spacer clearfix\" data-desktop=\"82\" data-mobi=\"60\" data-smobi=\"60\"><\/div><\/div><\/div><\/div><\/div><\/div><\/section><\/div><div class=\"vc-custom-col-spacing clearfix vc-col-spacing-0px\"><section class=\"wpb_row vc_row-fluid col-aside-img row-content-position-Default\"><div class=\"startflow-container\"><div class=\"row-inner clearfix\"><div class=\"wpb_column vc_column_container vc_col-sm-6\"><div class=\"vc_column-inner\"><div class=\"wpb_wrapper\">\r\n\t<div class=\"startflow-spacer clearfix\" data-desktop=\"82\" data-mobi=\"0\" data-smobi=\"0\"><\/div><div class=\"startflow-single-heading clearfix\" style=\"margin-bottom:20px;\"><span class=\"inner\"><span class=\"heading clearfix  accent\" style=\"font-size:20px;\">\r\n\t\taccounting services\r\n\t<\/span><\/span><\/div><div class=\"startflow-headings clearfix\"  style=\"\"><h2 class=\"heading clearfix\" style=\"margin-bottom:12px;\">\r\n\t\tVisa para profesionales, trabajadores calificados y otros trabajadores \u2013 Visa EB-3\r\n\t<\/h2><p class=\"sub-heading clearfix\" style=\"font-style:normal;font-size:16px;line-height:29px;\">\r\n\t\tLa tercera categor\u00eda de visas basadas en el empleo es utilizada tanto por profesionales como por trabajadores cualificados y otros tipos de trabajadores extranjeros.<\/p>\n<p>Para poder acceder a esta categor\u00eda, habitualmente los profesionales deben demostrar estar en posesi\u00f3n de un grado acad\u00e9mico de licenciatura en los Estados Unidos o de una titulaci\u00f3n extranjera equivalente. En esta categor\u00eda, la experiencia y\/o educaci\u00f3n no se reconocen en sustituci\u00f3n de la titulaci\u00f3n requerida para el ejercicio de la profesi\u00f3n.<\/p>\n<p>Como requisito indispensable para ser considerado en esta categor\u00eda, todas las solicitudes deben incluir una oferta de empleo a tiempo completo, as\u00ed como una certificaci\u00f3n laboral.<\/p>\n<p>Los criterios de selecci\u00f3n de la tercera categor\u00eda de inmigraci\u00f3n basada en el empleo, si bien son menos estrictos que en la primera y la segunda categor\u00eda, presentan una importante demora para las visas otorgadas bajo la clasificaci\u00f3n de \u201cotros trabajadores\u201d.\r\n\t<\/p><\/div>\r\n\t<div class=\"startflow-spacer clearfix\" data-desktop=\"42\" data-mobi=\"30\" data-smobi=\"30\"><\/div><div class=\"button-wrap icon-right\" style=\"\" ><a href=\"https:\/\/lopeza.net\/en\/booking\/\" target=\"_blank\" class=\"startflow-button btn-808648358 medium no_icon accent custom\" style=\"border-radius:3px;\"  data-text=\"#ffffff\" data-text-hover=\"#ffffff\" data-background-hover=\"#071e57\">\r\n\t\t<span style=\"\">Make an appointment <\/span>\r\n\t<\/a><\/div>\r\n\t<div class=\"startflow-spacer clearfix\" data-desktop=\"220\" data-mobi=\"60\" data-smobi=\"60\"><\/div><\/div><\/div><\/div><div class=\"wpb_column vc_column_container vc_col-sm-6\"><div class=\"vc_column-inner\"><div class=\"wpb_wrapper\"><\/div><\/div><\/div><\/div><\/div><div class=\"image-container img-parallax vc_col-sm-6 aside-right\" style=\"top:50px\"><div class=\"inner  wow fadeInRight\" style=\"left:0px\"><img decoding=\"async\" src=\"https:\/\/lopeza.net\/wp-content\/uploads\/2021\/08\/contabilidd-01.jpg\" data-parallax='{\"x\" : 0, \"y\" : -50}' alt=\"Image\"><\/div><\/div><\/section><\/div><div class=\"vc-custom-col-spacing clearfix vc-col-spacing-30\"><section class=\"wpb_row vc_row-fluid vc_custom_1560649722211 vc_row-has-fill row-content-position-Default\"><div class=\"startflow-container\"><div class=\"row-inner clearfix\"><div class=\"wpb_column vc_column_container vc_col-sm-12\"><div class=\"vc_column-inner\"><div class=\"wpb_wrapper\">\r\n\t<div class=\"startflow-spacer clearfix\" data-desktop=\"40\" data-mobi=\"40\" data-smobi=\"40\"><\/div><\/div><\/div><\/div><\/div><\/div><\/section><\/div><div class=\"vc-custom-col-spacing clearfix vc-col-spacing-10\"><section class=\"wpb_row vc_row-fluid vc_custom_1629308915982 vc_row-has-fill col-aside-img row-content-position-Default\"><div class=\"startflow-container\"><div class=\"row-inner clearfix\"><div class=\"wpb_column vc_column_container vc_col-sm-6\"><div class=\"vc_column-inner\"><div class=\"wpb_wrapper\"><\/div><\/div><\/div><div class=\"wpb_column vc_column_container vc_col-sm-6\"><div class=\"vc_column-inner\"><div class=\"wpb_wrapper\">\r\n\t<div class=\"startflow-spacer clearfix\" data-desktop=\"140\" data-mobi=\"0\" data-smobi=\"0\"><\/div><div class=\"startflow-single-heading clearfix\" style=\"margin-bottom:20px;\"><span class=\"inner\"><span class=\"heading clearfix  accent\" style=\"font-size:20px;\">\r\n\t\tServicios para Trabajadores Inmigrantes\r\n\t<\/span><\/span><\/div><div class=\"startflow-headings clearfix\"  style=\"\"><h2 class=\"heading clearfix\" style=\"margin-bottom:12px;\">\r\n\t\tVisa EB-3: Visa de Basada en Empleo\r\n\t<\/h2><p class=\"sub-heading clearfix\" style=\"font-style:normal;font-size:16px;line-height:29px;\">\r\n\t\tUna visa EB-3 es una visa de inmigrante basada en el empleo que permite a ciertos trabajadores vivir y trabajar en los Estados Unidos permanentemente.<\/p>\n<p>La visa EB-3 es para trabajadores que son considerados trabajadores de \u00abTercera Preferencia\u00bb.<\/p>\n<p>Usted puede ser elegible para una visa EB-3 si usted puede probar que usted encaja en una de estas tres subcategor\u00edas ocupacionales EB-3:<\/p>\n<p>Un trabajador calificado<br \/>\nUn profesional<br \/>\nOtros trabajadores<\/p>\n<p>En Lopeza Services, tratamos a nuestros clientes con dignidad y profesionalismo. Sabemos que las personas interesadas en visas basadas en el empleo como la visa de inmigrante EB-3 les gusta tener una idea de qu\u00e9 esperar antes de consultar con un abogado.\r\n\t<\/p><\/div>\r\n\t<div class=\"startflow-spacer clearfix\" data-desktop=\"42\" data-mobi=\"30\" data-smobi=\"30\"><\/div><div class=\"button-wrap icon-right\" style=\"\" ><a href=\"https:\/\/lopeza.net\/en\/booking\/\" target=\"_self\" class=\"startflow-button btn-411676933 medium no_icon accent custom\" style=\"border-radius:3px;\"  data-text=\"#ffffff\" data-text-hover=\"#ffffff\" data-background-hover=\"#071e57\">\r\n\t\t<span style=\"\">Make an appointment <\/span>\r\n\t<\/a><\/div>\r\n\t<div class=\"startflow-spacer clearfix\" data-desktop=\"210\" data-mobi=\"60\" data-smobi=\"60\"><\/div><\/div><\/div><\/div><\/div><\/div><div class=\"image-container img-parallax vc_col-sm-6 aside-left\" style=\"top:0px\"><div class=\"inner  wow fadeInLeft\" style=\"right:0px\"><img decoding=\"async\" src=\"https:\/\/lopeza.net\/wp-content\/uploads\/2021\/08\/contabilidad-05.jpg\" data-parallax='{\"x\" : 0, \"y\" : 0}' alt=\"Image\"><div class=\"startflow-video-icon clearfix accent\"><a class=\"icon-wrap popup-video\" href=\"#\">play<span class=\"circle\"><\/span><span class=\"circle-2\"><\/span><\/a><\/div><\/div><\/div><\/section><\/div><div class=\"vc-custom-col-spacing clearfix vc-col-spacing-30\"><section class=\"wpb_row vc_row-fluid vc_custom_1561434363866 vc_row-has-fill row-content-position-Default\"><div class=\"startflow-container\"><div class=\"row-inner clearfix\"><div class=\"wpb_column vc_column_container vc_col-sm-12\"><div class=\"vc_column-inner\"><div class=\"wpb_wrapper\">\r\n\t<div class=\"startflow-spacer clearfix\" data-desktop=\"90\" data-mobi=\"60\" data-smobi=\"60\"><\/div><div class=\"startflow-single-heading clearfix text-center\" style=\"margin-bottom:20px;\"><span class=\"inner\"><span class=\"heading clearfix  accent\" style=\"font-size:20px;\">\r\n\t\tLopeza Services\r\n\t<\/span><\/span><\/div><div class=\"startflow-headings clearfix text-center\"  style=\"\"><h2 class=\"heading clearfix\" style=\"margin-bottom:12px;\">\r\n\t\tLa Soluci\u00f3n N\u00famero 1 \r\n\t<\/h2><p class=\"sub-heading clearfix\" style=\"font-style:normal;font-size:18px;line-height:29px;max-width:760px;margin-left: auto; margin-right: auto;\">\r\n\t\tTe ayudamos con todos tus tramites migratorios!\r\n\t<\/p><\/div>\r\n\t<div class=\"startflow-spacer clearfix\" data-desktop=\"90\" data-mobi=\"50\" data-smobi=\"50\"><\/div><div class=\"startflow-content-box clearfix\" ><div class=\"vc-custom-col-inner-spacing clearfix vc-col-inner-spacing-30\"><div class=\"wpb_row vc_inner vc_row-fluid\"><div class=\"wpb_column vc_column_container vc_col-sm-4\"><div class=\"vc_column-inner\"><div class=\"wpb_wrapper\"><div class=\"startflow-content-box clearfix  wow fadeInUp\" data-padding=\"42px 50px 43px\" data-mobipadding=\"42px 50px 43px\" data-margin=\"\" data-mobimargin=\"\"  data-wow-duration=\"0.75s\" data-wow-delay=\"0.3s\">\r\n\t\t<div class=\"inner ctb-1843140842\" style=\"background:url(https:\/\/lopeza.net\/wp-content\/uploads\/2019\/06\/icon-box-bg.png) left top no-repeat;background-size:cover;\"  data-background=\"#ffffff\" data-rounded=\"5px\" data-shadow=\" 0px 20px 70px 0px rgba(0,0,0,0.05)\">\r\n\t\t\t<div class=\"startflow-icon-box clearfix icon-top align-left  simple\" style=\"\" ><div class=\"wrap-inner\" style=\"position: relative;\"><div class=\"startflow-icon icon-1813618322 custom custom\"  data-icon=\"#ffffff\" data-background=\"\">\r\n\t\t\t\t<span class=\"icon\" style=\"font-size:70px;width:70px;height:70px;border-style:solid;line-height:70px;\"><i class=\"pe-7s-study\"><\/i><\/span>\r\n\t\t\t<\/div> <h3 class=\"heading  white\" style=\"color:#ffffff;font-size:18px;margin-top:15px;margin-bottom:25px;\">\r\n\t\t\t<span>Visa Para Profesionales<\/span>\r\n\t\t<\/h3><div class=\"desc\" style=\"color:#ffffff;font-size:16px;line-height:29px;margin-bottom:34px;\"><p>Los Servicios de Ciudadan\u00eda e Inmigraci\u00f3n de los Estados Unidos definen como \u201cprofesional\u201d a un ciudadano extranjero en posesi\u00f3n de un grado acad\u00e9mico de licenciatura en los Estados Unidos o una titulaci\u00f3n extranjera similar y que sea necesaria para el ejercicio de la profesi\u00f3n.<\/p>\n<p>En esta situaci\u00f3n, ni la experiencia laboral ni la educaci\u00f3n pueden sustituir a la titulaci\u00f3n necesaria en la profesi\u00f3n a ejercer. Habitualmente, en esta categor\u00eda califican (entre muchas otras) profesionales como abogados, cirujanos, profesores, m\u00e9dicos, arquitectos e ingenieros.<\/p>\n<\/div><div class=\"url-wrap\" style=\"\">\r\n\t\t\t<a target=\"_self\" class=\"startflow-links link-style-2\" href=\"https:\/\/lopeza.net\/en\/quote\/\" style=\"color:#ffffff;\">\r\n\t\t\t\t<span class=\"text\">Quote Online<\/span>\r\n\t\t\t<\/a>\r\n\t\t<\/div> <\/div><\/div>\r\n\t\t<\/div>\r\n\t<\/div>\r\n\t<div class=\"startflow-spacer clearfix\" data-desktop=\"0\" data-mobi=\"30\" data-smobi=\"30\"><\/div><\/div><\/div><\/div><div class=\"wpb_column vc_column_container vc_col-sm-4\"><div class=\"vc_column-inner\"><div class=\"wpb_wrapper\"><div class=\"startflow-content-box clearfix  wow fadeInUp\" data-padding=\"42px 50px 43px\" data-mobipadding=\"42px 50px 43px\" data-margin=\"\" data-mobimargin=\"\"  data-wow-duration=\"0.75s\" data-wow-delay=\"0.6s\">\r\n\t\t<div class=\"inner ctb-906271593\" style=\"\"  data-background=\"#ffffff\" data-rounded=\"5px\" data-shadow=\" 0px 20px 70px 0px rgba(0,0,0,0.05)\">\r\n\t\t\t<div class=\"startflow-icon-box clearfix icon-top align-left  simple\" style=\"\" ><div class=\"wrap-inner\" style=\"position: relative;\"><div class=\"startflow-icon icon-1997576656 accent custom\"  data-background=\"\">\r\n\t\t\t\t<span class=\"icon\" style=\"font-size:70px;width:70px;height:70px;border-style:solid;line-height:70px;\"><i class=\"pe-7s-global\"><\/i><\/span>\r\n\t\t\t<\/div> <h3 class=\"heading\" style=\"font-size:18px;margin-top:15px;margin-bottom:25px;\">\r\n\t\t\t<span>Trabajadores Calificados<\/span>\r\n\t\t<\/h3><div class=\"desc\" style=\"font-size:16px;line-height:29px;margin-bottom:34px;\"><p>Los Servicios de Ciudadan\u00eda e Inmigraci\u00f3n de los Estados Unidos definen los puestos de trabajo calificados como aquellos que no son de car\u00e1cter temporal ni estacional y que para su desempe\u00f1o requieren de, al menos, un per\u00edodo de dos a\u00f1os de formaci\u00f3n o experiencia laboral.<\/p>\n<p>La determinaci\u00f3n sobre qu\u00e9 cargos tienen la categor\u00eda de trabajos calificados es decidida por el Departamento del Trabajo de los Estados Unidos.<\/p>\n<p>Debido al hecho de que la categor\u00eda de \u201cotros trabajadores\u201d presenta una demora para la concesi\u00f3n de los visados, es muy importante que el empleador demuestre claramente que el puesto de trabajo calificado a cubrir requiere al menos de dos a\u00f1os de formaci\u00f3n o experiencia en el puesto.<\/p>\n<\/div><div class=\"url-wrap\" style=\"\">\r\n\t\t\t<a target=\"_self\" class=\"startflow-links link-style-2 accent\" href=\"https:\/\/lopeza.net\/en\/booking\/\" style=\"\">\r\n\t\t\t\t<span class=\"text\">Request an Appointment<\/span>\r\n\t\t\t<\/a>\r\n\t\t<\/div> <\/div><\/div>\r\n\t\t<\/div>\r\n\t<\/div>\r\n\t<div class=\"startflow-spacer clearfix\" data-desktop=\"0\" data-mobi=\"30\" data-smobi=\"30\"><\/div><\/div><\/div><\/div><div class=\"wpb_column vc_column_container vc_col-sm-4\"><div class=\"vc_column-inner\"><div class=\"wpb_wrapper\"><div class=\"startflow-content-box clearfix  wow fadeInUp\" data-padding=\"42px 50px 43px\" data-mobipadding=\"42px 50px 43px\" data-margin=\"\" data-mobimargin=\"\"  data-wow-duration=\"0.75s\" data-wow-delay=\"0.9s\">\r\n\t\t<div class=\"inner ctb-1807043757\" style=\"\"  data-background=\"#ffffff\" data-rounded=\"5px\" data-shadow=\" 0px 20px 70px 0px rgba(0,0,0,0.05)\">\r\n\t\t\t<div class=\"startflow-icon-box clearfix icon-top align-left  simple\" style=\"\" ><div class=\"wrap-inner\" style=\"position: relative;\"><div class=\"startflow-icon icon-211141573 accent custom\"  data-background=\"\">\r\n\t\t\t\t<span class=\"icon\" style=\"font-size:70px;width:70px;height:70px;border-style:solid;line-height:70px;\"><i class=\"pe-7s-id\"><\/i><\/span>\r\n\t\t\t<\/div> <h3 class=\"heading\" style=\"font-size:18px;margin-top:15px;margin-bottom:25px;\">\r\n\t\t\t<span>Otros Trabajadores<\/span>\r\n\t\t<\/h3><div class=\"desc\" style=\"font-size:16px;line-height:29px;margin-bottom:34px;\"><p>Los Servicios de Ciudadan\u00eda e Inmigraci\u00f3n de los Estados Unidos definen la categor\u00eda de \u201cotros trabajadores\u201d como personas extranjeras que cubrir\u00e1n puestos de trabajo que requieren menos de dos a\u00f1os de educaci\u00f3n, formaci\u00f3n o experiencia. Pero, debido al l\u00edmite anual de 10.000 visas en esta categor\u00eda, existe una demora significativa para su concesi\u00f3n, con periodos de tiempo de hasta seis a\u00f1os para obtener una visa como \u201cotro trabajador\u201d.<\/p>\n<p>Si usted necesita un abogado experto en la tramitaci\u00f3n de un visado en la tercera categor\u00eda de inmigraci\u00f3n con base en el empleo y desea concertar una cita, ya sea por tel\u00e9fono, correo electr\u00f3nico, tel\u00e9fono virtual o personalmente, por favor contacte hoy a Lopeza Services llamando al n\u00famero +1 (617) 623-7368 Estaremos encantados de atenderlo.<\/p>\n<\/div><div class=\"url-wrap\" style=\"\">\r\n\t\t\t<a target=\"_self\" class=\"startflow-links link-style-2 accent\" href=\"https:\/\/lopeza.net\/en\/booking\/\" style=\"\">\r\n\t\t\t\t<span class=\"text\">Schedule an Appointment<\/span>\r\n\t\t\t<\/a>\r\n\t\t<\/div> <\/div><\/div>\r\n\t\t<\/div>\r\n\t<\/div><\/div><\/div><\/div><\/div><\/div><\/div>\r\n\t<div class=\"startflow-spacer clearfix\" data-desktop=\"70\" data-mobi=\"40\" data-smobi=\"40\"><\/div><div class=\"startflow-align-box text-center\"><div class=\"button-wrap icon-right\" style=\"\" ><a href=\"https:\/\/lopeza.net\/en\/quote\/\" target=\"_self\" class=\"startflow-button btn-1370043153 medium no_icon accent custom\" style=\"border-radius:3px;\"  data-text=\"#ffffff\" data-text-hover=\"#ffffff\" data-background-hover=\"#1d2b37\">\r\n\t\t<span style=\"\">Contact an Agent <\/span>\r\n\t<\/a><\/div><\/div>\r\n\t<div class=\"startflow-spacer clearfix\" data-desktop=\"100\" data-mobi=\"40\" data-smobi=\"40\"><\/div><\/div><\/div><\/div><\/div><\/div><\/section><\/div><div class=\"vc-custom-col-spacing clearfix vc-col-spacing-30\"><section class=\"wpb_row vc_row-fluid vc_custom_1629917899128 vc_row-has-fill row-content-position-Default\"><div class=\"startflow-container\"><div class=\"row-inner clearfix\"><div class=\"wpb_column vc_column_container vc_col-sm-12\"><div class=\"vc_column-inner\"><div class=\"wpb_wrapper\">\r\n\t<div class=\"startflow-spacer clearfix\" data-desktop=\"80\" data-mobi=\"60\" data-smobi=\"60\"><\/div><div class=\"startflow-action-box\" style=\"\">\r\n\t\t<div class=\"inner\">\r\n\t<div class=\"heading-wrap\" style=\"width:60%;\">\r\n\t\t<h2 class=\"heading\" style=\"color:#ffffff;margin:0px 0px 12px 0px;max-width:800px;\">\r\n\t\t\tView all our services\r\n\t\t<\/h2>\r\n\t\t\r\n\t<div class=\"subheading-wrap\">\r\n\t\t<div style=\"font-weight:400;color:#ffffff;font-size:18px;line-height:29px;max-width:550px;\">\r\n\t\t\tWould you like to speak to one of our agents over the phone? Simply submit your details and we'll be in touch shortly.\r\n\t\t<\/div>\r\n\t<\/div>\r\n\t<\/div><div class=\"url-wrap\" style=\"width:40%;\">\r\n\t\t\t<a target=\"no\" class=\"startflow-button medium btn-1047723427 accent\" href=\"https:\/\/lopeza.net\/en\/contact\/\" style=\"border-radius:3px;\"  data-text=\"#ffffff\"><span>Request a Service<\/span><\/a>\r\n\t\t<\/div><\/div>\r\n\t<\/div>\r\n\t<div class=\"startflow-spacer clearfix\" data-desktop=\"80\" data-mobi=\"60\" data-smobi=\"60\"><\/div><\/div><\/div><\/div><\/div><\/div><\/section><\/div><div class=\"vc-custom-col-spacing clearfix vc-col-spacing-30\"><section id=\"first-row\" class=\"wpb_row vc_row-fluid vc_custom_1561365736755 vc_row-has-fill row-content-position-Default\"><div class=\"startflow-container\"><div class=\"row-inner clearfix\"><div class=\"wpb_column vc_column_container vc_col-sm-12\"><div class=\"vc_column-inner\"><div class=\"wpb_wrapper\">\r\n\t<div class=\"startflow-spacer clearfix\" data-desktop=\"65\" data-mobi=\"60\" data-smobi=\"60\"><\/div><\/div><\/div><\/div><\/div><\/div><\/section><\/div>","protected":false},"excerpt":{"rendered":"Servicios Contables Visa para profesionales, trabajadores calificados y otros trabajadores \u2013 Visa EB-3 La tercera categor\u00eda de visas basadas en el empleo es utilizada tanto por profesionales como por trabajadores cualificados y otros tipos de trabajadores extranjeros. Para poder acceder a esta categor\u00eda, habitualmente los profesionales deben demostrar estar en","protected":false},"author":1,"featured_media":18143,"parent":0,"menu_order":0,"comment_status":"closed","ping_status":"closed","template":"","meta":{"footnotes":""},"class_list":["post-18269","page","type-page","status-publish","has-post-thumbnail","hentry"],"aioseo_notices":[],"_links":{"self":[{"href":"https:\/\/lopeza.net\/en\/wp-json\/wp\/v2\/pages\/18269","targetHints":{"allow":["GET"]}}],"collection":[{"href":"https:\/\/lopeza.net\/en\/wp-json\/wp\/v2\/pages"}],"about":[{"href":"https:\/\/lopeza.net\/en\/wp-json\/wp\/v2\/types\/page"}],"author":[{"embeddable":true,"href":"https:\/\/lopeza.net\/en\/wp-json\/wp\/v2\/users\/1"}],"replies":[{"embeddable":true,"href":"https:\/\/lopeza.net\/en\/wp-json\/wp\/v2\/comments?post=18269"}],"version-history":[{"count":4,"href":"https:\/\/lopeza.net\/en\/wp-json\/wp\/v2\/pages\/18269\/revisions"}],"predecessor-version":[{"id":18274,"href":"https:\/\/lopeza.net\/en\/wp-json\/wp\/v2\/pages\/18269\/revisions\/18274"}],"wp:featuredmedia":[{"embeddable":true,"href":"https:\/\/lopeza.net\/en\/wp-json\/wp\/v2\/media\/18143"}],"wp:attachment":[{"href":"https:\/\/lopeza.net\/en\/wp-json\/wp\/v2\/media?parent=18269"}],"curies":[{"name":"wp","href":"https:\/\/api.w.org\/{rel}","templated":true}]}}