{"id":18368,"date":"2026-01-08T13:07:15","date_gmt":"2026-01-08T18:07:15","guid":{"rendered":"https:\/\/lopeza.net\/?page_id=18368"},"modified":"2026-01-08T13:08:50","modified_gmt":"2026-01-08T18:08:50","slug":"solicitud-para-registro-y-creacion-formulario-1099","status":"publish","type":"page","link":"https:\/\/lopeza.net\/en\/solicitud-para-registro-y-creacion-formulario-1099\/","title":{"rendered":"Solicitud para Registro y Creaci\u00f3n Formulario 1099"},"content":{"rendered":"<h2 class=\"wp-block-heading\">Solicitud para Registro y Creaci\u00f3n de Formulario 1099<\/h2>\n\n\n\n<p>Si necesitas registrar tu informaci\u00f3n para la creaci\u00f3n del Formulario 1099, por favor completa todos los campos requeridos en el formulario. Aseg\u00farate de proporcionar informaci\u00f3n precisa para evitar retrasos o errores en el proceso.<\/p>\n\n\n\n<p>Si tienes dudas o necesitas asistencia para completar el formulario, no dudes en llamarnos. Nuestro equipo est\u00e1 disponible para ayudarte. <strong>Tel\u00e9fonos de contacto:<\/strong> 617-623-7368 | 617-941-5000<\/p>\n\n\n\n<p>Cont\u00e1ctanos hoy mismo para asegurarte de que tu registro sea procesado correctamente y a tiempo.<\/p>\n\n\n<div class=\"frm_forms  with_frm_style frm_style_estilos-formidable\" id=\"frm_form_49_container\" data-token=\"d9a896d8beae29f776880adbdfe3c59b\">\n<form enctype=\"multipart\/form-data\" method=\"post\" class=\"frm-show-form  frm_pro_form\" id=\"form_1099-system\" data-token=\"d9a896d8beae29f776880adbdfe3c59b\" action=\"\">\n<div class=\"frm_form_fields  form-group\">\n<fieldset>\n<legend class=\"frm_screen_reader\">1099 System<\/legend>\r\n\r\n<div class=\"frm_fields_container\">\n<input type=\"hidden\" name=\"frm_action\" value=\"create\" \/>\n<input type=\"hidden\" name=\"form_id\" value=\"49\" \/>\n<input type=\"hidden\" name=\"frm_hide_fields_49\" id=\"frm_hide_fields_49\" value=\"\" \/>\n<input type=\"hidden\" name=\"form_key\" value=\"1099-system\" \/>\n<input type=\"hidden\" name=\"item_meta[0]\" value=\"\" \/>\n<input type=\"hidden\" id=\"frm_submit_entry_49\" name=\"frm_submit_entry_49\" value=\"ea25236278\" \/><input type=\"hidden\" name=\"_wp_http_referer\" value=\"\/en\/wp-json\/wp\/v2\/pages\/18368\" \/><div id=\"frm_field_7313_container\" class=\"frm_form_field form-field  frm_required_field form-group frm_top_container frm12 frm_first\">\r\n\t<div  id=\"field_66rxs_label\" class=\"frm_primary_label control-label\">Nombre del Representante\r\n\t\t<span class=\"frm_required\" aria-hidden=\"true\">*<\/span>\r\n\t<\/div>\r\n\t<fieldset aria-labelledby=\"field_66rxs_label\">\n\t<legend class=\"frm_screen_reader frm_hidden\">\n\t\tNombre del Representante\t<\/legend>\n\n\t<div  class=\"frm_combo_inputs_container\" id=\"frm_combo_inputs_container_7313\" data-name-layout=\"first_last\">\n\t\t\t\t\t<div\n\t\t\t\tid=\"frm_field_7313-first_container\"\n\t\t\t\tclass=\"frm_form_field form-field frm_form_subfield-first  frm6\"\n\t\t\t\tdata-sub-field-name=\"first\"\n\t\t\t>\n\t\t\t\t<label for=\"field_66rxs_first\" class=\"frm_screen_reader frm_hidden\">\n\t\t\t\t\tName\t\t\t\t<\/label>\n\n\t\t\t\t<input  type=\"text\" id=\"field_66rxs_first\" value=\"\" name=\"item_meta[7313][first]\" autocomplete=\"given-name\" data-reqmsg=\"Este campo no puede estar en blanco.\" aria-required=\"true\" data-invmsg=\"Nombre del Representante is invalid\" class=\"form-control\" aria-invalid=\"false\"  \/><div class=\"frm_description\" id=\"frm_field_7313_first_desc\">Name<\/div>\t\t\t<\/div>\n\t\t\t\t\t\t<div\n\t\t\t\tid=\"frm_field_7313-last_container\"\n\t\t\t\tclass=\"frm_form_field form-field frm_form_subfield-last  frm6\"\n\t\t\t\tdata-sub-field-name=\"last\"\n\t\t\t>\n\t\t\t\t<label for=\"field_66rxs_last\" class=\"frm_screen_reader frm_hidden\">\n\t\t\t\t\tApellido\t\t\t\t<\/label>\n\n\t\t\t\t<input  type=\"text\" id=\"field_66rxs_last\" value=\"\" name=\"item_meta[7313][last]\" autocomplete=\"family-name\" data-reqmsg=\"Este campo no puede estar en blanco.\" aria-required=\"true\" data-invmsg=\"Nombre del Representante is invalid\" class=\"form-control\" aria-invalid=\"false\"  \/><div class=\"frm_description\" id=\"frm_field_7313_last_desc\">Apellido<\/div>\t\t\t<\/div>\n\t\t\t\t<\/div>\n<\/fieldset>\n\r\n\t\r\n\t\r\n<\/div>\n<div id=\"frm_field_7321_container\" class=\"frm_form_field form-field  form-group frm_top_container frm12 frm_first\">\r\n\t<label for=\"field_8itc5\" id=\"field_8itc5_label\" class=\"frm_primary_label control-label\">Nombre de la compa\u00f1\u00eda, negocio o corporaci\u00f3n, si aplica.\r\n\t\t<span class=\"frm_required\" aria-hidden=\"true\"><\/span>\r\n\t<\/label>\r\n\t<input  type=\"text\" id=\"field_8itc5\" name=\"item_meta[7321]\" value=\"\"  data-invmsg=\"Nombre de la compa\u00f1\u00eda, negocio o corporaci\u00f3n, si aplica. no es v\u00e1lido\" class=\"form-control\" aria-invalid=\"false\"   \/>\r\n\t\r\n\t\r\n<\/div>\n<div id=\"frm_field_7322_container\" class=\"frm_form_field form-field  form-group frm_top_container\">\r\n\t<label for=\"field_pfi5r\" id=\"field_pfi5r_label\" class=\"frm_primary_label control-label\">N\u00famero de Identificaci\u00f3n de contribuyente (IRS)\r\n\t\t<span class=\"frm_required\" aria-hidden=\"true\"><\/span>\r\n\t<\/label>\r\n\t<input type=\"number\" id=\"field_pfi5r\" name=\"item_meta[7322]\" value=\"\" data-invmsg=\"N\u00famero de Identificaci\u00f3n de contribuyente (IRS) no es v\u00e1lido\" class=\"form-control\" aria-invalid=\"false\"   min=\"0\" max=\"9999999\" step=\"any\" \/>\r\n\t\r\n\t\r\n<\/div>\n<div id=\"frm_field_7314_container\" class=\"frm_form_field form-field  frm_required_field form-group frm_top_container\">\r\n\t<label for=\"field_h99pg\" id=\"field_h99pg_label\" class=\"frm_primary_label control-label\">Tel\u00e9fono\r\n\t\t<span class=\"frm_required\" aria-hidden=\"true\">*<\/span>\r\n\t<\/label>\r\n\t<input type=\"tel\" id=\"field_h99pg\" name=\"item_meta[7314]\" value=\"\"  data-reqmsg=\"Este campo no puede estar en blanco.\" aria-required=\"true\" data-invmsg=\"Tel\u00e9fono no es v\u00e1lido\" class=\"form-control\" aria-invalid=\"false\" pattern=\"((\\+\\d{1,3}(-|.| )?\\(?\\d\\)?(-| |.)?\\d{1,5})|(\\(?\\d{2,6}\\)?))(-|.| )?(\\d{3,4})(-|.| )?(\\d{4})(( x| ext)\\d{1,5}){0,1}$\"  \/>\r\n\t\r\n\t\r\n<\/div>\n<div id=\"frm_field_7315_container\" class=\"frm_form_field form-field  frm_required_field form-group frm_top_container\">\r\n\t<label for=\"field_7fgyj\" id=\"field_7fgyj_label\" class=\"frm_primary_label control-label\">Correo eletr\u00f3nico\r\n\t\t<span class=\"frm_required\" aria-hidden=\"true\">*<\/span>\r\n\t<\/label>\r\n\t<input type=\"email\" id=\"field_7fgyj\" name=\"item_meta[7315]\" value=\"\"  autocomplete=\"email\"  data-reqmsg=\"Este campo no puede estar en blanco.\" aria-required=\"true\" data-invmsg=\"Correo eletr\u00f3nico no es v\u00e1lido\" class=\"form-control\" aria-invalid=\"false\"  \/>\r\n\t\r\n\t\r\n<\/div>\n<div id=\"frm_field_7317_container\" class=\"frm_form_field frm_section_heading form-field\">\r\n<h3 class=\"frm_pos_top frm_section_spacing\">Informaci\u00f3n sobre la persona o corporaci\u00f3n que desea reportar.<\/h3>\r\n\r\n<input type=\"hidden\" name=\"item_meta[7317][form]\" value=\"50\" class=\"frm_dnc\" \/>\n\t\t\t<div id=\"frm_section_7317-0\" class=\"frm_repeat_sec frm_repeat_7317 frm_first_repeat frm_grid_container\">\n<input type=\"hidden\" name=\"item_meta[7317][row_ids][]\" value=\"0\" \/><input type=\"hidden\" name=\"item_meta[7317][0][0]\" value=\"\" \/><div id=\"frm_field_7319-7317-0_container\" class=\"frm_form_field form-field  frm_required_field form-group frm_top_container frm_field_7319_container\">\r\n\t<div  id=\"field_wvfu3-0_label\" class=\"frm_primary_label control-label\">Nombre del Contratista o Proveedor\r\n\t\t<span class=\"frm_required\" aria-hidden=\"true\">*<\/span>\r\n\t<\/div>\r\n\t<fieldset aria-labelledby=\"field_wvfu3-0_label\">\n\t<legend class=\"frm_screen_reader frm_hidden\">\n\t\tNombre del Contratista o Proveedor\t<\/legend>\n\n\t<div  class=\"frm_combo_inputs_container\" id=\"frm_combo_inputs_container_7319\" data-name-layout=\"first_last\">\n\t\t\t\t\t<div\n\t\t\t\tid=\"frm_field_7319-first_container\"\n\t\t\t\tclass=\"frm_form_field form-field frm_form_subfield-first  frm6\"\n\t\t\t\tdata-sub-field-name=\"first\"\n\t\t\t>\n\t\t\t\t<label for=\"field_wvfu3-0_first\" class=\"frm_screen_reader frm_hidden\">\n\t\t\t\t\tName\t\t\t\t<\/label>\n\n\t\t\t\t<input  type=\"text\" id=\"field_wvfu3-0_first\" value=\"\" name=\"item_meta[7317][0][7319][first]\" data-sectionid=\"7317\"  data-reqmsg=\"Este campo no puede estar en blanco.\" aria-required=\"true\" data-invmsg=\"Nombre del Contratista o Proveedor is invalid\" class=\"form-control\" aria-invalid=\"false\"  \/><div class=\"frm_description\" id=\"frm_field_7319_first_desc\">Name<\/div>\t\t\t<\/div>\n\t\t\t\t\t\t<div\n\t\t\t\tid=\"frm_field_7319-last_container\"\n\t\t\t\tclass=\"frm_form_field form-field frm_form_subfield-last  frm6\"\n\t\t\t\tdata-sub-field-name=\"last\"\n\t\t\t>\n\t\t\t\t<label for=\"field_wvfu3-0_last\" class=\"frm_screen_reader frm_hidden\">\n\t\t\t\t\tApellido\t\t\t\t<\/label>\n\n\t\t\t\t<input  type=\"text\" id=\"field_wvfu3-0_last\" value=\"\" name=\"item_meta[7317][0][7319][last]\" data-sectionid=\"7317\"  data-reqmsg=\"Este campo no puede estar en blanco.\" aria-required=\"true\" data-invmsg=\"Nombre del Contratista o Proveedor is invalid\" class=\"form-control\" aria-invalid=\"false\"  \/><div class=\"frm_description\" id=\"frm_field_7319_last_desc\">Apellido<\/div>\t\t\t<\/div>\n\t\t\t\t<\/div>\n<\/fieldset>\n\r\n\t\r\n\t\r\n<\/div>\n<div id=\"frm_field_7320-7317-0_container\" class=\"frm_form_field form-field  form-group frm_top_container frm_field_7320_container\">\r\n\t<label for=\"field_y5nfm-0\" id=\"field_y5nfm-0_label\" class=\"frm_primary_label control-label\">Nombre de la compa\u00f1\u00eda, negocio o corporaci\u00f3n, si aplica.\r\n\t\t<span class=\"frm_required\" aria-hidden=\"true\"><\/span>\r\n\t<\/label>\r\n\t<input  type=\"text\" id=\"field_y5nfm-0\" name=\"item_meta[7317][0][7320]\" value=\"\"  data-sectionid=\"7317\"  data-invmsg=\"Nombre de la compa\u00f1\u00eda, negocio o corporaci\u00f3n, si aplica. no es v\u00e1lido\" class=\"form-control\" aria-invalid=\"false\"   \/>\r\n\t\r\n\t\r\n<\/div>\n<div id=\"frm_field_7323-7317-0_container\" class=\"frm_form_field form-field  form-group frm_top_container frm_field_7323_container\">\r\n\t<label for=\"field_m4rwq-0\" id=\"field_m4rwq-0_label\" class=\"frm_primary_label control-label\">N\u00famero de Identificaci\u00f3n de contribuyente (IRS)\r\n\t\t<span class=\"frm_required\" aria-hidden=\"true\"><\/span>\r\n\t<\/label>\r\n\t<input type=\"number\" id=\"field_m4rwq-0\" name=\"item_meta[7317][0][7323]\" value=\"\" data-sectionid=\"7317\"  data-invmsg=\"N\u00famero de Identificaci\u00f3n de contribuyente (IRS) no es v\u00e1lido\" class=\"form-control\" aria-invalid=\"false\"   min=\"0\" max=\"9999999\" step=\"any\" \/>\r\n\t\r\n\t\r\n<\/div>\n<div id=\"frm_field_7324-7317-0_container\" class=\"frm_form_field form-field  frm_required_field form-group frm_top_container frm_field_7324_container\">\r\n\t<label for=\"field_ocy6b-0\" id=\"field_ocy6b-0_label\" class=\"frm_primary_label control-label\">Monto a declarar en el reporte 1099\r\n\t\t<span class=\"frm_required\" aria-hidden=\"true\">*<\/span>\r\n\t<\/label>\r\n\t<input type=\"number\" id=\"field_ocy6b-0\" name=\"item_meta[7317][0][7324]\" value=\"\" data-sectionid=\"7317\"  data-reqmsg=\"Este campo no puede estar en blanco.\" aria-required=\"true\" data-invmsg=\"Monto a declarar en el reporte 1099 no es v\u00e1lido\" class=\"form-control\" aria-invalid=\"false\"   min=\"0\" max=\"9999999\" step=\"any\" \/>\r\n\t\r\n\t\r\n<\/div>\n<div id=\"frm_field_7325-7317-0_container\" class=\"frm_form_field form-field  form-group frm_top_container frm_field_7325_container\">\r\n\t<label for=\"field_4ij7r-0\" id=\"field_4ij7r-0_label\" class=\"frm_primary_label control-label\">Desea adjuntar alg\u00fan archivo (\ud83d\uded1 Nunca envi\u00e9  su numero de seguro social o ITIN \ud83d\uded1):\r\n\t\t<span class=\"frm_required\" aria-hidden=\"true\"><\/span>\r\n\t<\/label>\r\n\t<input type=\"hidden\"  data-sectionid=\"7317\"  data-invmsg=\"Desea adjuntar alg\u00fan archivo (\ud83d\uded1 Nunca envi\u00e9  su numero de seguro social o ITIN \ud83d\uded1): no es v\u00e1lido\" aria-invalid=\"false\"   name=\"item_meta[7317][0][7325][]\"  value=\"\" data-frmfile=\"7325\" \/>\n\n<div class=\"frm_dropzone frm_multi_upload frm_clearfix\" id=\"file7325-0_dropzone\" role=\"group\" >\n\t<div class=\"fallback\">\n\t\t<input type=\"file\" name=\"file7325-0[]\" id=\"field_4ij7r-0\"\n\t\t\t data-frmfile=\"7325\" multiple=\"multiple\"  data-sectionid=\"7317\"  data-invmsg=\"Desea adjuntar alg\u00fan archivo (\ud83d\uded1 Nunca envi\u00e9  su numero de seguro social o ITIN \ud83d\uded1): no es v\u00e1lido\" aria-invalid=\"false\"  \t\t\t\/>\n\t\t\t\t<div class=\"frm_clearfix\"><\/div>\n\t<\/div>\n\t<div class=\"dz-message needsclick\">\n\t\t\t\t<svg  viewbox=\"0 0 18 18\" class=\"frmsvg frm-svg-icon\">\n\t<path viewbox=\"0 0 18 18\" fill-rule=\"evenodd\" clip-rule=\"evenodd\" d=\"M8.2 4v8a.8.8 0 001.5 0V4l2.1 2.2A.7.7 0 1013 5L9.5 1.7a.7.7 0 00-1.1 0L5.1 5.2a.8.8 0 001 1l2.1-2zm7.6 4.3c.4 0 .7.3.7.7v6.8c0 .4-.3.7-.8.7H2.3a.8.8 0 01-.8-.8V9A.8.8 0 013 9v6h12V9c0-.4.3-.8.8-.8z\"><\/path>\n<\/svg>\t\t<span class=\"frm_upload_text\"><button type=\"button\" aria-label=\"Desea adjuntar alg\u00fan archivo (\ud83d\uded1 Nunca envi\u00e9  su numero de seguro social o ITIN \ud83d\uded1):. Arrastra un archivo aqu\u00ed o haz clic para cargar. Maximum file size: 516MB\">Drag a file here or click to upload<\/button><\/span>\n\t\t<span class=\"frm_compact_text\"><button type=\"button\" aria-label=\"Desea adjuntar alg\u00fan archivo (\ud83d\uded1 Nunca envi\u00e9  su numero de seguro social o ITIN \ud83d\uded1):. Seleccionar Archivo. Maximum file size: 516MB\">Select File<\/button><\/span>\n\t\t<div class=\"frm_small_text\">\n\t\t\t<p>Maximum file size: 516MB<\/p>\n\t\t<\/div>\n\t<\/div>\n<\/div>\n\t\r\n\t\r\n\t\r\n<\/div>\n<div class=\"frm_form_field frm_hidden_container frm_repeat_buttons\"><a href=\"#\" class=\"frm_add_form_row frm_button\" data-parent=\"7317\" aria-label=\"Add\"><svg  viewbox=\"0 0 20 20\" width=\"1em\" height=\"1em\" class=\"frmsvg frm-svg-icon\">\n\t<title>plus1<\/title>\n\t<path d=\"M11 5H9v4H5v2h4v4h2v-4h4V9h-4V5zm-1-5a10 10 0 1 0 0 20 10 10 0 0 0 0-20zm0 18a8 8 0 1 1 0-16 8 8 0 0 1 0 16z\"><\/path>\n\n<\/svg> A\u00f1adir nuevo reporte de persona o empresa<\/a>\n<a href=\"#\" class=\"frm_remove_form_row frm_button\" data-key=\"0\" data-parent=\"7317\" aria-label=\"Remove\"><svg  viewbox=\"0 0 20 20\" width=\"1em\" height=\"1em\" class=\"frmsvg frm-svg-icon\">\n\t<title>minus1<\/title>\n\t<path d=\"M5 9v2h10V9H5zm5-9a10 10 0 1 0 0 20 10 10 0 0 0 0-20zm0 18a8 8 0 1 1 0-16 8 8 0 0 1 0 16z\"><\/path>\n\n<\/svg> Eliminar Reporte<\/a> <\/div><\/div>\n\r\n<\/div>\n<input type=\"hidden\" name=\"item_meta[7326]\" id=\"field_qclf5\" value=\"\" data-frmval=\"\"\/>\n<div id=\"frm_field_7312_container\" class=\"frm_form_field form-field  form-group\">\r\n\t<div class=\"form-group frm_submit frm_flex\">\r\n<button class=\"frm_button_submit btn btn-default frm_final_submit\" type=\"submit\"   formnovalidate=\"formnovalidate\">Send<\/button>\r\n\r\n\r\n\r\n<\/div>\r\n<\/div>\n\t<input type=\"hidden\" name=\"item_key\" value=\"\" \/>\n\t\t\t<div id=\"frm_field_7367_container\">\n\t\t\t<label for=\"field_y71xf\" >\n\t\t\t\tIf you are human, leave this field blank.\t\t\t<\/label>\n\t\t\t<input  id=\"field_y71xf\" type=\"text\" class=\"frm_form_field form-field frm_verify\" name=\"item_meta[7367]\" value=\"\"  \/>\n\t\t<\/div>\n\t\t<input name=\"frm_state\" type=\"hidden\" value=\"\/bHRv1J92Qep28qNrqTWPui0rS9TxKea9Rmrb0NX3I2\/zwuJRjHEkzh1dsve6+\/z\" \/><\/div>\n<\/fieldset>\n<\/div>\n\n<input type=\"hidden\" name=\"trp-form-language\" value=\"en\"\/><\/form>\n<\/div>","protected":false},"excerpt":{"rendered":"<p>Solicitud para Registro y Creaci\u00f3n de Formulario 1099 Si necesitas registrar tu informaci\u00f3n para la creaci\u00f3n del Formulario 1099, por favor completa todos los campos requeridos en el formulario. Aseg\u00farate de proporcionar informaci\u00f3n precisa para evitar retrasos o errores en el proceso. Si tienes dudas o necesitas asistencia para completar<\/p>","protected":false},"author":1,"featured_media":0,"parent":0,"menu_order":0,"comment_status":"closed","ping_status":"closed","template":"","meta":{"footnotes":""},"class_list":["post-18368","page","type-page","status-publish","hentry"],"aioseo_notices":[],"_links":{"self":[{"href":"https:\/\/lopeza.net\/en\/wp-json\/wp\/v2\/pages\/18368","targetHints":{"allow":["GET"]}}],"collection":[{"href":"https:\/\/lopeza.net\/en\/wp-json\/wp\/v2\/pages"}],"about":[{"href":"https:\/\/lopeza.net\/en\/wp-json\/wp\/v2\/types\/page"}],"author":[{"embeddable":true,"href":"https:\/\/lopeza.net\/en\/wp-json\/wp\/v2\/users\/1"}],"replies":[{"embeddable":true,"href":"https:\/\/lopeza.net\/en\/wp-json\/wp\/v2\/comments?post=18368"}],"version-history":[{"count":2,"href":"https:\/\/lopeza.net\/en\/wp-json\/wp\/v2\/pages\/18368\/revisions"}],"predecessor-version":[{"id":18370,"href":"https:\/\/lopeza.net\/en\/wp-json\/wp\/v2\/pages\/18368\/revisions\/18370"}],"wp:attachment":[{"href":"https:\/\/lopeza.net\/en\/wp-json\/wp\/v2\/media?parent=18368"}],"curies":[{"name":"wp","href":"https:\/\/api.w.org\/{rel}","templated":true}]}}