{"id":2897,"date":"2021-01-31T21:59:59","date_gmt":"2021-02-01T02:59:59","guid":{"rendered":"https:\/\/lopeza.net\/?page_id=2897"},"modified":"2024-06-26T11:19:55","modified_gmt":"2024-06-26T15:19:55","slug":"lopeza-services","status":"publish","type":"page","link":"https:\/\/lopeza.net\/en\/lopeza-services\/","title":{"rendered":"Lopeza Services"},"content":{"rendered":"<h3>Lea bien antes de iniciar<\/h3>\n<p>Deber\u00e1 crear una cuenta y registrarse en el sitio de LOPEZA SERVICES haciendo\u00a0<a href=\"\/en\/registration\/\" target=\"_blank\" rel=\"noreferrer noopener\">click aqu\u00ed<\/a><\/p>\n<p>Se recomienda hacer uso de un navegador chrome o safari en su ultima versi\u00f3n para mac o pc<\/p>\n<p>Se recomienda un dispositivo con iOS 14.0 o Superior \/Iphone 7 o Superior \/ iPad Air 2 o Superior<\/p>\n<p>Dispositivos Android verificar que su dispositivo este actualizado (Android 10 u 11)<\/p>\n<p>Deber\u00e1 contar con una conexi\u00f3n a internet con una buena velocidad<\/p>\n<p>Los m\u00f3dulos cargan dependiendo de la velocidad de su conexi\u00f3n y su dispositivo<\/p>\n<h5>Haga Click en el Bot\u00f3n Para Iniciar el Asistente<\/h5>\n<p>Presenta tus impuestos en l\u00ednea. Haz click en el bot\u00f3n para Iniciar. Recuerda que debes tener una cuenta o iniciar sesi\u00f3n.<\/p>\n<p>\t\t\t<a href=\"\/en\/efile\/\" role=\"button\"><br \/>\n\t\t\t\t\t\tIniciar<br \/>\n\t\t\t\t\t<\/a><\/p>\n<ul>\n<li>\n\t\t\t\t\t<a href=\"https:\/\/www.facebook.com\/\"><br \/>\n\t\t\t\t\t\t\t\t\t\t\t<\/a>\n\t\t\t\t\t\t\t\t\t<\/li>\n<li>\n\t\t\t\t\t<a href=\"https:\/\/twitter.com\/\"><br \/>\n\t\t\t\t\t\t\t\t\t\t\t<\/a>\n\t\t\t\t\t\t\t\t\t<\/li>\n<li>\n\t\t\t\t\t<a href=\"https:\/\/www.linkedin.com\/\"><br \/>\n\t\t\t\t\t\t\t\t\t\t\t<\/a>\n\t\t\t\t\t\t\t\t\t<\/li>\n<li>\n\t\t\t\t\t<a href=\"https:\/\/www.youtube.com\/\"><br \/>\n\t\t\t\t\t\t\t\t\t\t\t<\/a>\n\t\t\t\t\t\t\t\t\t<\/li>\n<li>\n\t\t\t\t\t<a href=\"https:\/\/www.pinterest.com\"><br \/>\n\t\t\t\t\t\t\t\t\t\t\t<\/a>\n\t\t\t\t\t\t\t\t\t<\/li>\n<\/ul>","protected":false},"excerpt":{"rendered":"<p>Lea bien antes de iniciar Deber\u00e1 crear una cuenta y registrarse en el sitio de LOPEZA SERVICES haciendo\u00a0click aqu\u00ed Se recomienda hacer uso de un navegador chrome o safari en su ultima versi\u00f3n para mac o pc Se recomienda un dispositivo con iOS 14.0 o Superior \/Iphone 7 o Superior<\/p>","protected":false},"author":1,"featured_media":0,"parent":0,"menu_order":0,"comment_status":"closed","ping_status":"closed","template":"","meta":{"footnotes":""},"class_list":["post-2897","page","type-page","status-publish","hentry"],"aioseo_notices":[],"_links":{"self":[{"href":"https:\/\/lopeza.net\/en\/wp-json\/wp\/v2\/pages\/2897","targetHints":{"allow":["GET"]}}],"collection":[{"href":"https:\/\/lopeza.net\/en\/wp-json\/wp\/v2\/pages"}],"about":[{"href":"https:\/\/lopeza.net\/en\/wp-json\/wp\/v2\/types\/page"}],"author":[{"embeddable":true,"href":"https:\/\/lopeza.net\/en\/wp-json\/wp\/v2\/users\/1"}],"replies":[{"embeddable":true,"href":"https:\/\/lopeza.net\/en\/wp-json\/wp\/v2\/comments?post=2897"}],"version-history":[{"count":26,"href":"https:\/\/lopeza.net\/en\/wp-json\/wp\/v2\/pages\/2897\/revisions"}],"predecessor-version":[{"id":3157,"href":"https:\/\/lopeza.net\/en\/wp-json\/wp\/v2\/pages\/2897\/revisions\/3157"}],"wp:attachment":[{"href":"https:\/\/lopeza.net\/en\/wp-json\/wp\/v2\/media?parent=2897"}],"curies":[{"name":"wp","href":"https:\/\/api.w.org\/{rel}","templated":true}]}}