{"id":9472,"date":"2019-06-16T01:41:36","date_gmt":"2019-06-16T01:41:36","guid":{"rendered":"http:\/\/ninzio.com\/startflow\/?page_id=9472"},"modified":"2026-01-08T13:30:57","modified_gmt":"2026-01-08T18:30:57","slug":"lopeza-tax-services","status":"publish","type":"page","link":"https:\/\/lopeza.net\/en\/","title":{"rendered":"Home"},"content":{"rendered":"<div class=\"vc-custom-col-spacing clearfix vc-col-spacing-30\"><section class=\"wpb_row vc_row-fluid row-content-position-Default\"><div class=\"startflow-container\"><div class=\"row-inner clearfix\"><div class=\"wpb_column vc_column_container vc_col-sm-12\"><div class=\"vc_column-inner\"><div class=\"wpb_wrapper\"><div class=\"startflow-content-box clearfix\" data-padding=\"\" data-mobipadding=\"\" data-margin=\"-150px 0 0 0\" data-mobimargin=\"-150px 0 0 0\" >\r\n\t\t<div class=\"inner ctb-1524060279\" style=\"\"  data-background=\"\">\r\n\t\t\t<div class=\"startflow-scroll-target\">\r\n\t\t\t<a href=\"#first-row\" style=\"color:#ffffff;\">\r\n\t\t\t<\/a>\r\n\t\t<\/div>\r\n\t\t<\/div>\r\n\t<\/div><\/div><\/div><\/div><\/div><\/div><\/section><\/div><div class=\"vc-custom-col-spacing clearfix vc-col-spacing-30\"><section id=\"first-row\" class=\"wpb_row vc_row-fluid row-content-position-Default\"><div class=\"startflow-container\"><div class=\"row-inner clearfix\"><div class=\"wpb_column vc_column_container vc_col-sm-12\"><div class=\"vc_column-inner\"><div class=\"wpb_wrapper\">\r\n\t<div class=\"startflow-spacer clearfix\" data-desktop=\"90\" data-mobi=\"60\" data-smobi=\"60\"><\/div><div class=\"startflow-single-heading clearfix text-center\" style=\"margin-bottom:20px;\"><span class=\"inner\"><span class=\"heading clearfix  accent\" style=\"font-size:20px;\">\r\n\t\tMore than 30 years of experience support us\r\n\t<\/span><\/span><\/div><div class=\"startflow-headings clearfix text-center\"  style=\"\"><h2 class=\"heading clearfix\" style=\"margin-bottom:12px;\">\r\n\t\tWe help with your tax returns, extensions and audits.\r\n\t<\/h2><p class=\"sub-heading clearfix\" style=\"font-style:normal;font-size:18px;line-height:29px;max-width:740px;margin-left: auto; margin-right: auto;\">\r\n\t\tOur mission is to serve the community by offering solutions in their own language, which is why all our offices have bilingual and native English staff. Our services are designed to provide the service that our community deserves.\r\n\t<\/p><\/div>\r\n\t<div class=\"startflow-spacer clearfix\" data-desktop=\"90\" data-mobi=\"50\" data-smobi=\"50\"><\/div><div class=\"startflow-content-box clearfix\" ><div class=\"vc-custom-col-inner-spacing clearfix vc-col-inner-spacing-30\"><div class=\"wpb_row vc_inner vc_row-fluid\"><div class=\"wpb_column vc_column_container vc_col-sm-4\"><div class=\"vc_column-inner\"><div class=\"wpb_wrapper\">\r\n\t<div class=\"startflow-spacer clearfix\" data-desktop=\"20\" data-mobi=\"0\" data-smobi=\"0\"><\/div><div class=\"startflow-content-box clearfix  wow fadeInUp\" data-padding=\"50px 50px 43px\" data-mobipadding=\"50px 50px 43px\" data-margin=\"\" data-mobimargin=\"\"  data-wow-duration=\"0.75s\" data-wow-delay=\"0.3s\">\r\n\t\t<div class=\"inner ctb-1051028600\" style=\"\"  data-background=\"#ffffff\" data-rounded=\"5px\" data-border-color=\"#ffffff\" data-border-width=\"1px\" data-shadow=\" 0px 20px 70px 0px rgba(0,0,0,0.05)\" data-border-color-hover=\"#e7e7e7\">\r\n\t\t\t<div class=\"startflow-icon-box clearfix icon-top align-left  simple\" style=\"\" ><div class=\"wrap-inner\" style=\"position: relative;\"><div class=\"startflow-icon icon-1888644591 accent custom\"  data-background=\"\">\r\n\t\t\t\t<span class=\"icon\" style=\"font-size:64px;width:64px;height:64px;border-style:solid;line-height:64px;\"><i class=\"pe-7s-news-paper\"><\/i><\/span>\r\n\t\t\t<\/div> <h3 class=\"heading\" style=\"font-size:18px;margin-top:16px;margin-bottom:25px;\">\r\n\t\t\t<span>Tax preparation<\/span>\r\n\t\t<\/h3><div class=\"desc\" style=\"font-size:16px;line-height:29px;margin-bottom:35px;\"><p>Income tax preparation for corporate, personal and organizations.<\/p>\n<\/div><div class=\"url-wrap\" style=\"\">\r\n\t\t\t<a target=\"_self\" class=\"startflow-links link-style-2 accent\" href=\"\/en\/impuestos\/\" style=\"\">\r\n\t\t\t\t<span class=\"text\">View More<\/span>\r\n\t\t\t<\/a>\r\n\t\t<\/div> <\/div><\/div>\r\n\t\t<\/div>\r\n\t<\/div>\r\n\t<div class=\"startflow-spacer clearfix\" data-desktop=\"0\" data-mobi=\"30\" data-smobi=\"30\"><\/div><\/div><\/div><\/div><div class=\"wpb_column vc_column_container vc_col-sm-4\"><div class=\"vc_column-inner\"><div class=\"wpb_wrapper\"><div class=\"startflow-content-box clearfix  wow fadeInUp\" data-padding=\"60px 50px 63px\" data-mobipadding=\"60px 50px 63px\" data-margin=\"\" data-mobimargin=\"\"  data-wow-duration=\"0.75s\" data-wow-delay=\"0.6s\">\r\n\t\t<div class=\"inner ctb-1305478508 accent\" style=\"\"  data-rounded=\"5px\" data-shadow=\" 0px 20px 70px 0px rgba(0,0,0,0.05)\">\r\n\t\t\t<div class=\"startflow-icon-box clearfix icon-top align-left  simple\" style=\"\" ><div class=\"wrap-inner\" style=\"position: relative;\"><div class=\"startflow-icon icon-1587187106 custom custom\"  data-icon=\"#ffffff\" data-background=\"\">\r\n\t\t\t\t<span class=\"icon\" style=\"font-size:76px;width:76px;height:76px;border-style:solid;line-height:76px;\"><i class=\"pe-7s-users\"><\/i><\/span>\r\n\t\t\t<\/div> <h3 class=\"heading  white\" style=\"color:#ffffff;font-size:18px;margin-top:16px;margin-bottom:25px;\">\r\n\t\t\t<span>Payroll Services<\/span>\r\n\t\t<\/h3><div class=\"desc\" style=\"color:#dddddd;font-size:16px;line-height:29px;margin-bottom:35px;\"><p><span>We offer professional Payroll solutions that meet your business needs and allow you to spend moretime doing what matters most: running your business.<\/span><\/p>\n<\/div><div class=\"url-wrap\" style=\"\">\r\n\t\t\t<a target=\"_self\" class=\"startflow-links link-style-2\" href=\"\/en\/nomina\/\" style=\"color:#dddddd;\">\r\n\t\t\t\t<span class=\"text\">View More<\/span>\r\n\t\t\t<\/a>\r\n\t\t<\/div> <\/div><\/div>\r\n\t\t<\/div>\r\n\t<\/div>\r\n\t<div class=\"startflow-spacer clearfix\" data-desktop=\"0\" data-mobi=\"30\" data-smobi=\"30\"><\/div><\/div><\/div><\/div><div class=\"wpb_column vc_column_container vc_col-sm-4\"><div class=\"vc_column-inner\"><div class=\"wpb_wrapper\">\r\n\t<div class=\"startflow-spacer clearfix\" data-desktop=\"20\" data-mobi=\"0\" data-smobi=\"0\"><\/div><div class=\"startflow-content-box clearfix  wow fadeInUp\" data-padding=\"50px 50px 43px\" data-mobipadding=\"50px 50px 43px\" data-margin=\"\" data-mobimargin=\"\"  data-wow-duration=\"0.75s\" data-wow-delay=\"0.9s\">\r\n\t\t<div class=\"inner ctb-1104286189\" style=\"\"  data-background=\"#ffffff\" data-rounded=\"5px\" data-border-color=\"#ffffff\" data-border-width=\"1px\" data-shadow=\" 0px 20px 70px 0px rgba(0,0,0,0.05)\" data-border-color-hover=\"#e7e7e7\">\r\n\t\t\t<div class=\"startflow-icon-box clearfix icon-top align-left  simple\" style=\"\" ><div class=\"wrap-inner\" style=\"position: relative;\"><div class=\"startflow-icon icon-1460896179 accent custom\"  data-background=\"\">\r\n\t\t\t\t<span class=\"icon\" style=\"font-size:64px;width:62px;height:62px;border-style:solid;line-height:62px;\"><i class=\"pe-7s-calculator\"><\/i><\/span>\r\n\t\t\t<\/div> <h3 class=\"heading\" style=\"font-size:18px;margin-top:16px;margin-bottom:25px;\">\r\n\t\t\t<span>Bookkeeping<\/span>\r\n\t\t<\/h3><div class=\"desc\" style=\"font-size:16px;line-height:29px;margin-bottom:35px;\"><p><span>Keep your accounting up to date facilitates more accurate tax preparation, reducing expenses and costs at the end of the year or an IRS audit. With the help of Lopeza Services your business and you, can focus more on running your business and generating income.<\/span><\/p>\n<\/div><div class=\"url-wrap\" style=\"\">\r\n\t\t\t<a target=\"_self\" class=\"startflow-links link-style-2 accent\" href=\"\/en\/accounting\/\" style=\"\">\r\n\t\t\t\t<span class=\"text\">View More<\/span>\r\n\t\t\t<\/a>\r\n\t\t<\/div> <\/div><\/div>\r\n\t\t<\/div>\r\n\t<\/div><\/div><\/div><\/div><\/div><\/div><\/div>\r\n\t<div class=\"startflow-spacer clearfix\" data-desktop=\"100\" data-mobi=\"70\" data-smobi=\"70\"><\/div><\/div><\/div><\/div><\/div><\/div><\/section><\/div><div class=\"vc-custom-col-spacing clearfix vc-col-spacing-30\"><section class=\"wpb_row vc_row-fluid vc_custom_1560649722211 vc_row-has-fill row-content-position-Default\"><div class=\"startflow-container\"><div class=\"row-inner clearfix\"><div class=\"wpb_column vc_column_container vc_col-sm-12\"><div class=\"vc_column-inner\"><div class=\"wpb_wrapper\">\r\n\t<div class=\"startflow-spacer clearfix\" data-desktop=\"60\" data-mobi=\"60\" data-smobi=\"60\"><\/div><\/div><\/div><\/div><\/div><\/div><\/section><\/div><div class=\"vc-custom-col-spacing clearfix vc-col-spacing-10\"><section class=\"wpb_row vc_row-fluid vc_custom_1684335533143 vc_row-has-fill col-aside-img row-content-position-Default\"><div class=\"startflow-container\"><div class=\"row-inner clearfix\"><div class=\"wpb_column vc_column_container vc_col-sm-6\"><div class=\"vc_column-inner\"><div class=\"wpb_wrapper\"><\/div><\/div><\/div><div class=\"wpb_column vc_column_container vc_col-sm-6\"><div class=\"vc_column-inner\"><div class=\"wpb_wrapper\">\r\n\t<div class=\"startflow-spacer clearfix\" data-desktop=\"140\" data-mobi=\"0\" data-smobi=\"0\"><\/div><div class=\"startflow-single-heading clearfix\" style=\"margin-bottom:20px;\"><span class=\"inner\"><span class=\"heading clearfix  accent\" style=\"font-size:20px;\">\r\n\t\tExplore our services\r\n\t<\/span><\/span><\/div><div class=\"startflow-headings clearfix\"  style=\"\"><h2 class=\"heading clearfix\" style=\"margin-bottom:12px;\">\r\n\t\tServices for business, organizations and corporations\r\n\t<\/h2><p class=\"sub-heading clearfix\" style=\"font-style:normal;font-size:16px;line-height:29px;max-width:540px;\">\r\n\t\tWe have a series of tools that will help you develop all the potential that your business requires.\r\n\t<\/p><\/div>\r\n\t<div class=\"startflow-spacer clearfix\" data-desktop=\"42\" data-mobi=\"30\" data-smobi=\"30\"><\/div><div class=\"button-wrap icon-right\" style=\"\" ><a href=\"https:\/\/lopeza.net\/en\/quote\/\" target=\"_self\" class=\"startflow-button btn-1956682265 medium no_icon accent custom\" style=\"border-radius:3px;\"  data-text=\"#ffffff\" data-text-hover=\"#ffffff\" data-background-hover=\"#071e57\">\r\n\t\t<span style=\"\">Quoting <\/span>\r\n\t<\/a><\/div>\r\n\t<div class=\"startflow-spacer clearfix\" data-desktop=\"190\" data-mobi=\"60\" data-smobi=\"60\"><\/div><\/div><\/div><\/div><\/div><\/div><div class=\"image-container img-parallax vc_col-sm-6 aside-left\" style=\"top:0px\"><div class=\"inner  wow fadeInLeft\" style=\"right:0px\"><img decoding=\"async\" src=\"https:\/\/lopeza.net\/wp-content\/uploads\/2023\/05\/amilcar-min.jpg\" data-parallax='{\"x\" : 0, \"y\" : 0}' alt=\"Image\"><div class=\"startflow-video-icon clearfix accent\"><a class=\"icon-wrap popup-video\" href=\"https:\/\/www.facebook.com\/lopezaservices\/videos\/1090106995159313\/\">play<span class=\"circle\"><\/span><span class=\"circle-2\"><\/span><\/a><\/div><\/div><\/div><\/section><\/div><div class=\"vc-custom-col-spacing clearfix vc-col-spacing-30\"><section class=\"wpb_row vc_row-fluid vc_custom_1560731808096 vc_row-has-fill row-content-position-Default\"><div class=\"startflow-container\"><div class=\"row-inner clearfix\"><div class=\"wpb_column vc_column_container vc_col-sm-12\"><div class=\"vc_column-inner\"><div class=\"wpb_wrapper\">\r\n\t<div class=\"startflow-spacer clearfix\" data-desktop=\"90\" data-mobi=\"60\" data-smobi=\"60\"><\/div><div class=\"startflow-single-heading clearfix text-center\" style=\"margin-bottom:20px;\"><span class=\"inner\"><span class=\"heading clearfix  accent\" style=\"font-size:20px;\">\r\n\t\tWhy choose us?\r\n\t<\/span><\/span><\/div><div class=\"startflow-headings clearfix text-center\"  style=\"\"><h2 class=\"heading clearfix\" style=\"margin-bottom:12px;\">\r\n\t\tNumber 1 in Taxes, Accounting and Immigration\r\n\t<\/h2><p class=\"sub-heading clearfix\" style=\"font-style:normal;font-size:18px;line-height:29px;max-width:640px;margin-left: auto; margin-right: auto;\">\r\n\t\tWe are a company with an innovative service proposal, supporting your needs in terms of consultations and support in immigration, legal, accounting, business and tax issues. More than 30 years of experience support us.\r\n\t<\/p><\/div>\r\n\t<div class=\"startflow-spacer clearfix\" data-desktop=\"90\" data-mobi=\"50\" data-smobi=\"50\"><\/div><div class=\"startflow-content-box clearfix\" ><div class=\"vc-custom-col-inner-spacing clearfix vc-col-inner-spacing-30\"><div class=\"wpb_row vc_inner vc_row-fluid\"><div class=\"wpb_column vc_column_container vc_col-sm-4\"><div class=\"vc_column-inner\"><div class=\"wpb_wrapper\"><div class=\"startflow-content-box clearfix\" data-padding=\"44px 20px 42px\" data-mobipadding=\"44px 20px 42px\" data-margin=\"\" data-mobimargin=\"\" >\r\n\t\t<div class=\"inner ctb-1200655935\" style=\"\"  data-background=\"#ffffff\" data-rounded=\"5px\" data-shadow=\" 0px 20px 70px 0px rgba(0,0,0,0.05)\">\r\n\t\t\t<div class=\"startflow-icon-box clearfix icon-left align-left  simple\" style=\"\" ><div class=\"wrap-inner\" style=\"position: relative;\"><div class=\"startflow-icon icon-479192085 accent custom\"  data-background=\"\">\r\n\t\t\t\t<span class=\"icon\" style=\"font-size:50px;width:50px;height:50px;border-style:solid;line-height:62px;\"><i class=\"pe-7s-add-user\"><\/i><\/span>\r\n\t\t\t<\/div> <h3 class=\"heading\" style=\"padding-left:70px;font-size:18px;margin-bottom:25px;\">\r\n\t\t\t<span>Personal Taxes<\/span>\r\n\t\t<\/h3><div class=\"desc\" style=\"padding-left:70px;font-size:16px;line-height:29px;margin-bottom:35px;\"><p><span>Workers employed by companies that receive a W-2 form as proof of work. Independent or self-employed individuals who may or may not receive Form 1099-Misc as proof of income.<\/span><\/p>\n<\/div><div class=\"url-wrap\" style=\"padding-left:70px;\">\r\n\t\t\t<a target=\"_self\" class=\"startflow-links link-style-2 accent\" href=\"\/en\/efile\/\" style=\"\">\r\n\t\t\t\t<span class=\"text\">Fill online<\/span>\r\n\t\t\t<\/a>\r\n\t\t<\/div> <\/div><\/div>\r\n\t\t<\/div>\r\n\t<\/div>\r\n\t<div class=\"startflow-spacer clearfix\" data-desktop=\"30\" data-mobi=\"30\" data-smobi=\"30\"><\/div><div class=\"startflow-content-box clearfix  wow fadeInUp\" data-padding=\"44px 20px 42px\" data-mobipadding=\"44px 20px 42px\" data-margin=\"\" data-mobimargin=\"\"  data-wow-duration=\"0.75s\" data-wow-delay=\"0.6s\">\r\n\t\t<div class=\"inner ctb-987202753\" style=\"\"  data-background=\"\" data-rounded=\"5px\" data-background-hover=\"#ffffff\" data-shadow-hover=\" 0px 20px 70px 0px rgba(0,0,0,0.05)\" data-translatey=\"-5\">\r\n\t\t\t<div class=\"startflow-icon-box clearfix icon-left align-left  simple\" style=\"\" ><div class=\"wrap-inner\" style=\"position: relative;\"><div class=\"startflow-icon icon-131367821 accent custom\"  data-background=\"\">\r\n\t\t\t\t<span class=\"icon\" style=\"font-size:50px;width:50px;height:50px;border-style:solid;line-height:62px;\"><i class=\"pe-7s-hammer\"><\/i><\/span>\r\n\t\t\t<\/div> <h3 class=\"heading\" style=\"padding-left:70px;font-size:18px;margin-bottom:25px;\">\r\n\t\t\t<span>Public Notary<\/span>\r\n\t\t<\/h3><div class=\"desc\" style=\"padding-left:70px;font-size:16px;line-height:29px;margin-bottom:35px;\"><p><span>Get your documents notarized quickly with our certified agents. Public Notaries are impartial witnesses that help you validate important documents and reduce your exposure to fraud.<\/span><\/p>\n<\/div><div class=\"url-wrap\" style=\"padding-left:70px;\">\r\n\t\t\t<a target=\"_self\" class=\"startflow-links link-style-2 accent\" href=\"\/en\/notaria\/\" style=\"\">\r\n\t\t\t\t<span class=\"text\">Read More<\/span>\r\n\t\t\t<\/a>\r\n\t\t<\/div> <\/div><\/div>\r\n\t\t<\/div>\r\n\t<\/div>\r\n\t<div class=\"startflow-spacer clearfix\" data-desktop=\"0\" data-mobi=\"30\" data-smobi=\"30\"><\/div><\/div><\/div><\/div><div class=\"wpb_column vc_column_container vc_col-sm-4\"><div class=\"vc_column-inner\"><div class=\"wpb_wrapper\"><div class=\"startflow-content-box clearfix  wow fadeInUp\" data-padding=\"44px 20px 42px\" data-mobipadding=\"44px 20px 42px\" data-margin=\"\" data-mobimargin=\"\"  data-wow-duration=\"0.75s\" data-wow-delay=\"0s\">\r\n\t\t<div class=\"inner ctb-598002223\" style=\"\"  data-background=\"\" data-rounded=\"5px\" data-background-hover=\"#ffffff\" data-shadow-hover=\" 0px 20px 70px 0px rgba(0,0,0,0.05)\" data-translatey=\"-5\">\r\n\t\t\t<div class=\"startflow-icon-box clearfix icon-left align-left  simple\" style=\"\" ><div class=\"wrap-inner\" style=\"position: relative;\"><div class=\"startflow-icon icon-1731690026 accent custom\"  data-background=\"\">\r\n\t\t\t\t<span class=\"icon\" style=\"font-size:50px;width:50px;height:50px;border-style:solid;line-height:62px;\"><i class=\"pe-7s-graph1\"><\/i><\/span>\r\n\t\t\t<\/div> <h3 class=\"heading\" style=\"padding-left:70px;font-size:18px;margin-bottom:25px;\">\r\n\t\t\t<span>Business Taxes<\/span>\r\n\t\t<\/h3><div class=\"desc\" style=\"padding-left:70px;font-size:16px;line-height:29px;margin-bottom:35px;\"><p><span>Companies, as legally incorporated persons in the US, are required to register with the IRS. File a federal and state tax return depending on the location of your business.<\/span><\/p>\n<\/div><div class=\"url-wrap\" style=\"padding-left:70px;\">\r\n\t\t\t<a target=\"_self\" class=\"startflow-links link-style-2 accent\" href=\"\/en\/impuestos\/\" style=\"\">\r\n\t\t\t\t<span class=\"text\">Read More<\/span>\r\n\t\t\t<\/a>\r\n\t\t<\/div> <\/div><\/div>\r\n\t\t<\/div>\r\n\t<\/div>\r\n\t<div class=\"startflow-spacer clearfix\" data-desktop=\"30\" data-mobi=\"30\" data-smobi=\"30\"><\/div><div class=\"startflow-content-box clearfix  wow fadeInUp\" data-padding=\"44px 20px 42px\" data-mobipadding=\"44px 20px 42px\" data-margin=\"\" data-mobimargin=\"\"  data-wow-duration=\"0.75s\" data-wow-delay=\"0.9s\">\r\n\t\t<div class=\"inner ctb-1847804177\" style=\"\"  data-background=\"\" data-rounded=\"5px\" data-background-hover=\"#ffffff\" data-shadow-hover=\" 0px 20px 70px 0px rgba(0,0,0,0.05)\" data-translatey=\"-5\">\r\n\t\t\t<div class=\"startflow-icon-box clearfix icon-left align-left  simple\" style=\"\" ><div class=\"wrap-inner\" style=\"position: relative;\"><div class=\"startflow-icon icon-1943987590 accent custom\"  data-background=\"\">\r\n\t\t\t\t<span class=\"icon\" style=\"font-size:50px;width:50px;height:50px;border-style:solid;line-height:62px;\"><i class=\"pe-7s-culture\"><\/i><\/span>\r\n\t\t\t<\/div> <h3 class=\"heading\" style=\"padding-left:70px;font-size:18px;margin-bottom:25px;\">\r\n\t\t\t<span>Bookkeeping<\/span>\r\n\t\t<\/h3><div class=\"desc\" style=\"padding-left:70px;font-size:16px;line-height:29px;margin-bottom:35px;\"><p><span>Corporate and Organization Accounting, sales tax reporting and tax planning.<\/span><\/p>\n<\/div><div class=\"url-wrap\" style=\"padding-left:70px;\">\r\n\t\t\t<a target=\"_self\" class=\"startflow-links link-style-2 accent\" href=\"\/en\/accounting\/\" style=\"\">\r\n\t\t\t\t<span class=\"text\">Read More<\/span>\r\n\t\t\t<\/a>\r\n\t\t<\/div> <\/div><\/div>\r\n\t\t<\/div>\r\n\t<\/div>\r\n\t<div class=\"startflow-spacer clearfix\" data-desktop=\"0\" data-mobi=\"30\" data-smobi=\"30\"><\/div><\/div><\/div><\/div><div class=\"wpb_column vc_column_container vc_col-sm-4\"><div class=\"vc_column-inner\"><div class=\"wpb_wrapper\"><div class=\"startflow-content-box clearfix  wow fadeInUp\" data-padding=\"44px 20px 42px\" data-mobipadding=\"44px 20px 42px\" data-margin=\"\" data-mobimargin=\"\"  data-wow-duration=\"0.75s\" data-wow-delay=\"0.3s\">\r\n\t\t<div class=\"inner ctb-291402890\" style=\"\"  data-background=\"\" data-rounded=\"5px\" data-background-hover=\"#ffffff\" data-shadow-hover=\" 0px 20px 70px 0px rgba(0,0,0,0.05)\" data-translatey=\"-5\">\r\n\t\t\t<div class=\"startflow-icon-box clearfix icon-left align-left  simple\" style=\"\" ><div class=\"wrap-inner\" style=\"position: relative;\"><div class=\"startflow-icon icon-162425217 accent custom\"  data-background=\"\">\r\n\t\t\t\t<span class=\"icon\" style=\"font-size:50px;width:50px;height:50px;border-style:solid;line-height:62px;\"><i class=\"pe-7s-like2\"><\/i><\/span>\r\n\t\t\t<\/div> <h3 class=\"heading\" style=\"padding-left:70px;font-size:18px;margin-bottom:25px;\">\r\n\t\t\t<span>Presentation &amp; Solutions<\/span>\r\n\t\t<\/h3><div class=\"desc\" style=\"padding-left:70px;font-size:16px;line-height:29px;margin-bottom:35px;\"><p><span>At Lopeza Services we are tax filing professionals ready to help people find solutions to IRS tax problems. We help find a fair resolution of requests made by the IRS, such as an audit notice or tax debt.<\/span><\/p>\n<\/div><div class=\"url-wrap\" style=\"padding-left:70px;\">\r\n\t\t\t<a target=\"_self\" class=\"startflow-links link-style-2 accent\" href=\"\/en\/impuestos\/\" style=\"\">\r\n\t\t\t\t<span class=\"text\">Read More<\/span>\r\n\t\t\t<\/a>\r\n\t\t<\/div> <\/div><\/div>\r\n\t\t<\/div>\r\n\t<\/div>\r\n\t<div class=\"startflow-spacer clearfix\" data-desktop=\"30\" data-mobi=\"30\" data-smobi=\"30\"><\/div><div class=\"startflow-content-box clearfix  wow fadeInUp\" data-padding=\"44px 20px 42px\" data-mobipadding=\"44px 20px 42px\" data-margin=\"\" data-mobimargin=\"\"  data-wow-duration=\"0.75s\" data-wow-delay=\"1.2s\">\r\n\t\t<div class=\"inner ctb-1844290601\" style=\"\"  data-background=\"\" data-rounded=\"5px\" data-background-hover=\"#ffffff\" data-shadow-hover=\" 0px 20px 70px 0px rgba(0,0,0,0.05)\" data-translatey=\"-5\">\r\n\t\t\t<div class=\"startflow-icon-box clearfix icon-left align-left  simple\" style=\"\" ><div class=\"wrap-inner\" style=\"position: relative;\"><div class=\"startflow-icon icon-140370982 accent custom\"  data-background=\"\">\r\n\t\t\t\t<span class=\"icon\" style=\"font-size:50px;width:50px;height:50px;border-style:solid;line-height:62px;\"><i class=\"pe-7s-id\"><\/i><\/span>\r\n\t\t\t<\/div> <h3 class=\"heading\" style=\"padding-left:70px;font-size:18px;margin-bottom:25px;\">\r\n\t\t\t<span>Payroll Services<\/span>\r\n\t\t<\/h3><div class=\"desc\" style=\"padding-left:70px;font-size:16px;line-height:29px;margin-bottom:35px;\"><p><span>Payment of employees  following federal and state regulations. We process your business payroll accurately and on time.<\/span><\/p>\n<\/div><div class=\"url-wrap\" style=\"padding-left:70px;\">\r\n\t\t\t<a target=\"_self\" class=\"startflow-links link-style-2 accent\" href=\"\/en\/nomina\/\" style=\"\">\r\n\t\t\t\t<span class=\"text\">Read More<\/span>\r\n\t\t\t<\/a>\r\n\t\t<\/div> <\/div><\/div>\r\n\t\t<\/div>\r\n\t<\/div><\/div><\/div><\/div><\/div><\/div><\/div>\r\n\t<div class=\"startflow-spacer clearfix\" data-desktop=\"50\" data-mobi=\"40\" data-smobi=\"40\"><\/div><div class=\"startflow-align-box text-center\"><div class=\"button-wrap icon-right\" style=\"\" ><a href=\"\/en\/contacto\/\" target=\"_self\" class=\"startflow-button btn-360428599 medium no_icon accent custom\" style=\"margin:0px 10px 0px 0px;border-radius:3px;\"  data-text=\"\">\r\n\t\t<span style=\"\">Contact Us <\/span>\r\n\t<\/a><\/div><div class=\"button-wrap icon-right\" style=\"\" ><a href=\"https:\/\/lopeza.net\/en\/booking\/\" target=\"_self\" class=\"startflow-button btn-1186272797 medium no_icon custom text-accent outline solid custom\" style=\"border-radius:3px;border-width:1px;\"  data-background=\"\" data-border=\"rgba(0,0,0,0.2)\" data-background-hover=\"rgba(0,0,0,0.2)\" data-border-hover=\"rgba(0,0,0,0.2)\">\r\n\t\t<span style=\"\">Schedule Appointment <\/span>\r\n\t<\/a><\/div><\/div>\r\n\t<div class=\"startflow-spacer clearfix\" data-desktop=\"100\" data-mobi=\"60\" data-smobi=\"60\"><\/div><\/div><\/div><\/div><\/div><\/div><\/section><\/div><div class=\"vc-custom-col-spacing clearfix vc-col-spacing-30\"><section class=\"wpb_row vc_row-fluid vc_custom_1560733696353 vc_row-has-fill row-content-position-Default\"><div class=\"startflow-container\"><div class=\"row-inner clearfix\"><div class=\"wpb_column vc_column_container vc_col-sm-12\"><div class=\"vc_column-inner\"><div class=\"wpb_wrapper\">\r\n\t<div class=\"startflow-spacer clearfix\" data-desktop=\"90\" data-mobi=\"60\" data-smobi=\"60\"><\/div><div class=\"startflow-headings clearfix text-center\"  style=\"\"><h2 class=\"heading clearfix\" style=\"color:#ffffff;margin-bottom:12px;\">\r\n\t\tWe call you\r\n\t<\/h2><p class=\"sub-heading clearfix\" style=\"font-style:normal;font-weight:300;color:#ffffff;font-size:18px;line-height:29px;max-width:550px;margin-left: auto; margin-right: auto;\">\r\n\t\tWould you like to speak to one of our agents over the phone? Simply submit your details and we'll be in touch shortly.\r\n\t<\/p><\/div>\r\n\t<div class=\"startflow-spacer clearfix\" data-desktop=\"60\" data-mobi=\"30\" data-smobi=\"30\"><\/div><div class=\"startflow-align-box text-center\"><div class=\"button-wrap icon-right\" style=\"\" ><a href=\"\/en\/contacto\/\" target=\"_self\" class=\"startflow-button btn-1156083258 medium no_icon accent custom\" style=\"margin:0px 10px 0px 0px;border-radius:3px;\"  data-text=\"\">\r\n\t\t<span style=\"\">More Information <\/span>\r\n\t<\/a><\/div><\/div>\r\n\t<div class=\"startflow-spacer clearfix\" data-desktop=\"100\" data-mobi=\"60\" data-smobi=\"60\"><\/div><\/div><\/div><\/div><\/div><\/div><\/section><\/div><div class=\"vc-custom-col-spacing clearfix vc-col-spacing-30\"><section class=\"wpb_row vc_row-fluid row-content-position-Default\"><div class=\"startflow-container\"><div class=\"row-inner clearfix\"><div class=\"wpb_column vc_column_container vc_col-sm-12\"><div class=\"vc_column-inner\"><div class=\"wpb_wrapper\">\n\t<div class=\"wpb_raw_code wpb_content_element wpb_raw_html\" >\n\t\t<div class=\"wpb_wrapper\">\n\t\t\t\n\t\t<\/div>\n\t<\/div>\n<\/div><\/div><\/div><\/div><\/div><\/section><\/div>","protected":false},"excerpt":{"rendered":"M\u00e1s de 30 A\u00f1os de experiencia nos respaldan Ayuda con sus declaraciones de impuestos, extensiones y auditorias. Nuestra misi\u00f3n es servir a la comunidad Hispana ofreciendo soluciones en su propio idioma, por lo cual todas nuestras oficinas cuentan con personal bilingue y espa\u00f1ol nativo. Nuestros servicios est\u00e1n dise\u00f1ados para brindar","protected":false},"author":1,"featured_media":0,"parent":0,"menu_order":0,"comment_status":"closed","ping_status":"closed","template":"","meta":{"footnotes":""},"class_list":["post-9472","page","type-page","status-publish","hentry"],"aioseo_notices":[],"_links":{"self":[{"href":"https:\/\/lopeza.net\/en\/wp-json\/wp\/v2\/pages\/9472","targetHints":{"allow":["GET"]}}],"collection":[{"href":"https:\/\/lopeza.net\/en\/wp-json\/wp\/v2\/pages"}],"about":[{"href":"https:\/\/lopeza.net\/en\/wp-json\/wp\/v2\/types\/page"}],"author":[{"embeddable":true,"href":"https:\/\/lopeza.net\/en\/wp-json\/wp\/v2\/users\/1"}],"replies":[{"embeddable":true,"href":"https:\/\/lopeza.net\/en\/wp-json\/wp\/v2\/comments?post=9472"}],"version-history":[{"count":20,"href":"https:\/\/lopeza.net\/en\/wp-json\/wp\/v2\/pages\/9472\/revisions"}],"predecessor-version":[{"id":18380,"href":"https:\/\/lopeza.net\/en\/wp-json\/wp\/v2\/pages\/9472\/revisions\/18380"}],"wp:attachment":[{"href":"https:\/\/lopeza.net\/en\/wp-json\/wp\/v2\/media?parent=9472"}],"curies":[{"name":"wp","href":"https:\/\/api.w.org\/{rel}","templated":true}]}}